{"id":9463,"date":"2018-10-01T11:12:59","date_gmt":"2018-10-01T14:12:59","guid":{"rendered":"http:\/\/www.fabriciolima.net\/?page_id=9463"},"modified":"2024-06-19T13:42:40","modified_gmt":"2024-06-19T16:42:40","slug":"check-up-gratuito-do-seu-sql-server","status":"publish","type":"page","link":"https:\/\/fabriciolima.net\/blog\/consultoria-remota\/check-up-gratuito-do-seu-sql-server\/","title":{"rendered":"Check-UP Gratuito do seu SQL Server"},"content":{"rendered":"<p><img decoding=\"async\" class=\"wp-image-19681 aligncenter\" src=\"https:\/\/fabriciolima.net\/blog\/wp-content\/uploads\/2024\/06\/MicrosoftTeams-image-31-300x300.png\" alt=\"\" width=\"578\" height=\"578\" srcset=\"https:\/\/fabriciolima.net\/blog\/wp-content\/uploads\/2024\/06\/MicrosoftTeams-image-31-300x300.png 300w, https:\/\/fabriciolima.net\/blog\/wp-content\/uploads\/2024\/06\/MicrosoftTeams-image-31-150x150.png 150w, https:\/\/fabriciolima.net\/blog\/wp-content\/uploads\/2024\/06\/MicrosoftTeams-image-31-768x768.png 768w, https:\/\/fabriciolima.net\/blog\/wp-content\/uploads\/2024\/06\/MicrosoftTeams-image-31-700x700.png 700w, https:\/\/fabriciolima.net\/blog\/wp-content\/uploads\/2024\/06\/MicrosoftTeams-image-31-410x410.png 410w, https:\/\/fabriciolima.net\/blog\/wp-content\/uploads\/2024\/06\/MicrosoftTeams-image-31-100x100.png 100w, https:\/\/fabriciolima.net\/blog\/wp-content\/uploads\/2024\/06\/MicrosoftTeams-image-31-275x275.png 275w, https:\/\/fabriciolima.net\/blog\/wp-content\/uploads\/2024\/06\/MicrosoftTeams-image-31-20x20.png 20w, https:\/\/fabriciolima.net\/blog\/wp-content\/uploads\/2024\/06\/MicrosoftTeams-image-31.png 1000w\" sizes=\"(max-width: 578px) 100vw, 578px\" \/><\/p>\n<p>&nbsp;<\/p>\n<h4><strong>Gostaria de ter um Check-up gratuito do seu banco de dados SQL Server com os especialistas da Power Tuning?<\/strong><\/h4>\n<p>Durante esse checkup, vamos analisar os seguintes pontos:<\/p>\n<ul>\n<li>Como est\u00e1 sua estrat\u00e9gia de backup ?<\/li>\n<li>Sua configura\u00e7\u00e3o de hardware est\u00e1 adequada?<\/li>\n<li>Possui jobs de manuten\u00e7\u00e3o de performance?<\/li>\n<li>Tem algum monitoramento no ambiente para pegar queries lentas e enviar alertas?<\/li>\n<\/ul>\n<p>&nbsp;<\/p>\n<h4>Ap\u00f3s o check-up, sou obrigado a contratar a Consultoria?<\/h4>\n<p>N\u00e3o!<\/p>\n<p>Na call do check-up vamos apontar a\u00e7\u00f5es que podem ser realizadas para melhorar o ambiente, enviaremos uma proposta, mas o cliente n\u00e3o tem obriga\u00e7\u00e3o de contratar nada.<\/p>\n<p>N\u00e3o tem que cadastrar um cart\u00e3o de cr\u00e9dito para fazer esse check-up gratuito. kkkkkkkk<\/p>\n<p>Ficou interessado?<\/p>\n<p>Basta enviar um e-mail para <a id=\"ember7245\" class=\"ember-view\" href=\"mailto:contato@fabriciolima.net\" target=\"_blank\" rel=\"noopener\">comercial@powertuning.com.br<\/a>\u00a0ou preencher o formul\u00e1rio abaixo para agendarmos o seu check-up gr\u00e1tis!<\/p>\n<p>&nbsp;<\/p>\n<div data-test='contact-form' id='contact-form-9463' class='wp-block-jetpack-contact-form-container '>\n<form action='https:\/\/fabriciolima.net\/blog\/consultoria-remota\/check-up-gratuito-do-seu-sql-server\/#contact-form-9463' method='post' class='contact-form commentsblock' aria-label=\"Check-UP Gratuito do seu SQL Server\" novalidate>\n\n<div style=\"\" class='grunion-field-name-wrap grunion-field-wrap'  >\n<label\n\t\t\t\tfor='g9463-nome'\n\t\t\t\tclass='grunion-field-label name'>Nome<span class=\"grunion-label-required\" aria-hidden=\"true\">(obrigat\u00f3rio)<\/span><\/label>\n<input\n\t\t\t\t\ttype='text'\n\t\t\t\t\tname='g9463-nome'\n\t\t\t\t\tid='g9463-nome'\n\t\t\t\t\tvalue=''\n\t\t\t\t\tclass='name  grunion-field' \n\t\t\t\t\trequired aria-required='true' \/>\n\t<\/div>\n\n<div style=\"\" class='grunion-field-email-wrap grunion-field-wrap'  >\n<label\n\t\t\t\tfor='g9463-email'\n\t\t\t\tclass='grunion-field-label email'>Email<span class=\"grunion-label-required\" aria-hidden=\"true\">(obrigat\u00f3rio)<\/span><\/label>\n<input\n\t\t\t\t\ttype='email'\n\t\t\t\t\tname='g9463-email'\n\t\t\t\t\tid='g9463-email'\n\t\t\t\t\tvalue=''\n\t\t\t\t\tclass='email  grunion-field' \n\t\t\t\t\trequired aria-required='true' \/>\n\t<\/div>\n\n<div style=\"\" class='grunion-field-textarea-wrap grunion-field-wrap'  >\n<label\n\t\t\t\tfor='contact-form-comment-g9463-comentrio'\n\t\t\t\tclass='grunion-field-label textarea'>Coment\u00e1rio<span class=\"grunion-label-required\" aria-hidden=\"true\">(obrigat\u00f3rio)<\/span><\/label>\n<textarea\n\t\t                style=''\n\t\t                name='g9463-comentrio'\n\t\t                id='contact-form-comment-g9463-comentrio'\n\t\t                rows='20' class='textarea  grunion-field'  required aria-required='true'><\/textarea>\n\t<\/div>\n\t<p class='contact-submit'>\n\t\t<button type='submit' class='pushbutton-wide'>Enviar<\/button>\t\t<input type='hidden' name='contact-form-id' value='9463' \/>\n\t\t<input type='hidden' name='action' value='grunion-contact-form' \/>\n\t\t<input type='hidden' name='contact-form-hash' value='61f8b3ff26384ba929b8fddb3307c7770c13b0fe' \/>\n\t<\/p>\n<p style=\"display: none !important;\" class=\"akismet-fields-container\" data-prefix=\"ak_\"><label>&#916;<textarea name=\"ak_hp_textarea\" cols=\"45\" rows=\"8\" maxlength=\"100\"><\/textarea><\/label><input type=\"hidden\" id=\"ak_js_1\" name=\"ak_js\" value=\"143\"\/><script>document.getElementById( \"ak_js_1\" ).setAttribute( \"value\", ( new Date() ).getTime() );<\/script><\/p><\/form>\n<\/div>\n","protected":false},"excerpt":{"rendered":"<p>&nbsp; Gostaria de ter um Check-up gratuito do seu banco de dados SQL Server com os especialistas da Power Tuning? Durante esse checkup, vamos analisar os seguintes pontos: Como est\u00e1 sua estrat\u00e9gia de backup ? Sua configura\u00e7\u00e3o de hardware est\u00e1 adequada? Possui jobs de manuten\u00e7\u00e3o de performance? Tem algum monitoramento no ambiente para pegar queries [&hellip;]<\/p>\n","protected":false},"author":1,"featured_media":0,"parent":1826,"menu_order":0,"comment_status":"closed","ping_status":"closed","template":"","meta":{"_exactmetrics_skip_tracking":false,"_exactmetrics_sitenote_active":false,"_exactmetrics_sitenote_note":"","_exactmetrics_sitenote_category":0,"_uf_show_specific_survey":0,"_uf_disable_surveys":false,"jetpack_post_was_ever_published":false,"footnotes":""},"jetpack_sharing_enabled":true,"jetpack-related-posts":[],"jetpack_likes_enabled":true,"jetpack_shortlink":"https:\/\/wp.me\/P7v2hY-2sD","_links":{"self":[{"href":"https:\/\/fabriciolima.net\/blog\/wp-json\/wp\/v2\/pages\/9463"}],"collection":[{"href":"https:\/\/fabriciolima.net\/blog\/wp-json\/wp\/v2\/pages"}],"about":[{"href":"https:\/\/fabriciolima.net\/blog\/wp-json\/wp\/v2\/types\/page"}],"author":[{"embeddable":true,"href":"https:\/\/fabriciolima.net\/blog\/wp-json\/wp\/v2\/users\/1"}],"replies":[{"embeddable":true,"href":"https:\/\/fabriciolima.net\/blog\/wp-json\/wp\/v2\/comments?post=9463"}],"version-history":[{"count":13,"href":"https:\/\/fabriciolima.net\/blog\/wp-json\/wp\/v2\/pages\/9463\/revisions"}],"predecessor-version":[{"id":19683,"href":"https:\/\/fabriciolima.net\/blog\/wp-json\/wp\/v2\/pages\/9463\/revisions\/19683"}],"up":[{"embeddable":true,"href":"https:\/\/fabriciolima.net\/blog\/wp-json\/wp\/v2\/pages\/1826"}],"wp:attachment":[{"href":"https:\/\/fabriciolima.net\/blog\/wp-json\/wp\/v2\/media?parent=9463"}],"curies":[{"name":"wp","href":"https:\/\/api.w.org\/{rel}","templated":true}]}}