{"id":751,"date":"2011-05-22T00:26:55","date_gmt":"2011-05-22T02:26:55","guid":{"rendered":"http:\/\/fabriciolima.net\/blog\/"},"modified":"2018-06-24T15:02:15","modified_gmt":"2018-06-24T18:02:15","slug":"scripts","status":"publish","type":"page","link":"https:\/\/fabriciolima.net\/blog\/sql-server\/scripts\/","title":{"rendered":"Scripts"},"content":{"rendered":"<p><img decoding=\"async\" class=\"wp-image-9096 aligncenter\" src=\"https:\/\/www.fabriciolima.net\/blog\/wp-content\/uploads\/2018\/06\/microsoft_github.png\" alt=\"\" width=\"423\" height=\"222\" srcset=\"https:\/\/fabriciolima.net\/blog\/wp-content\/uploads\/2018\/06\/microsoft_github.png 730w, https:\/\/fabriciolima.net\/blog\/wp-content\/uploads\/2018\/06\/microsoft_github-300x157.png 300w, https:\/\/fabriciolima.net\/blog\/wp-content\/uploads\/2018\/06\/microsoft_github-700x367.png 700w, https:\/\/fabriciolima.net\/blog\/wp-content\/uploads\/2018\/06\/microsoft_github-410x215.png 410w, https:\/\/fabriciolima.net\/blog\/wp-content\/uploads\/2018\/06\/microsoft_github-100x52.png 100w, https:\/\/fabriciolima.net\/blog\/wp-content\/uploads\/2018\/06\/microsoft_github-275x144.png 275w, https:\/\/fabriciolima.net\/blog\/wp-content\/uploads\/2018\/06\/microsoft_github-20x10.png 20w\" sizes=\"(max-width: 423px) 100vw, 423px\" \/><\/p>\n<p>Fala Pessoal,<\/p>\n<p>Agora temos um Github com os Scripts que utilizamos em nosso dia a dia de trabalho como DBA realizando consultorias em nossos clientes.<\/p>\n<p>Segue o link para baixar os Scripts do nosso Github:<\/p>\n<p><a href=\"https:\/\/github.com\/FabricioLimaSolucoesEmBD\/SQLScripts\" target=\"_blank\" rel=\"noopener\">https:\/\/github.com\/FabricioLimaSolucoesEmBD\/SQLScripts<\/a><\/p>\n<p>Esses scripts foram encontrados e adaptados de algum livro ou site na internet nos \u00faltimos anos, por isso n\u00e3o tenho como dar os cr\u00e9ditos aos autores.<\/p>\n<p>Caso queira contribuir com um script, basta nos enviar.<\/p>\n<p><b>Gostou dessas dicas?<\/b><\/p>\n<p>Assine meu canal no <a href=\"https:\/\/www.youtube.com\/channel\/UCeBRAO_LLrUdSrOXIywjzRA\" target=\"_blank\" rel=\"noopener\">Youtube<\/a> e curta minha p\u00e1gina no <a class=\"external-link wpel-icon-left\" href=\"https:\/\/www.facebook.com\/FabricioLimaSolucoesemBancodeDados\/\" target=\"_blank\" rel=\"nofollow external noopener noreferrer\" data-wpel-link=\"external\">Facebook<\/a> para receber Dicas de Leituras, V\u00eddeos e Eventos sobre SQL Server.<\/p>\n<p>Abra\u00e7o e bons estudos,<\/p>\n<p>Fabr\u00edcio Lima<\/p>\n<p>Consultor e Instrutor SQL Server<\/p>\n<p>Trabalha com SQL Server desde 2006<\/p>\n","protected":false},"excerpt":{"rendered":"<p>Fala Pessoal, Agora temos um Github com os Scripts que utilizamos em nosso dia a dia de trabalho como DBA realizando consultorias em nossos clientes. Segue o link para baixar os Scripts do nosso Github: https:\/\/github.com\/FabricioLimaSolucoesEmBD\/SQLScripts Esses scripts foram encontrados e adaptados de algum livro ou site na internet nos \u00faltimos anos, por isso n\u00e3o [&hellip;]<\/p>\n","protected":false},"author":1,"featured_media":0,"parent":1716,"menu_order":0,"comment_status":"open","ping_status":"open","template":"","meta":{"_exactmetrics_skip_tracking":false,"_exactmetrics_sitenote_active":false,"_exactmetrics_sitenote_note":"","_exactmetrics_sitenote_category":0,"_uf_show_specific_survey":0,"_uf_disable_surveys":false,"jetpack_post_was_ever_published":false,"footnotes":""},"jetpack_sharing_enabled":true,"jetpack-related-posts":[],"jetpack_likes_enabled":true,"jetpack_shortlink":"https:\/\/wp.me\/P7v2hY-c7","_links":{"self":[{"href":"https:\/\/fabriciolima.net\/blog\/wp-json\/wp\/v2\/pages\/751"}],"collection":[{"href":"https:\/\/fabriciolima.net\/blog\/wp-json\/wp\/v2\/pages"}],"about":[{"href":"https:\/\/fabriciolima.net\/blog\/wp-json\/wp\/v2\/types\/page"}],"author":[{"embeddable":true,"href":"https:\/\/fabriciolima.net\/blog\/wp-json\/wp\/v2\/users\/1"}],"replies":[{"embeddable":true,"href":"https:\/\/fabriciolima.net\/blog\/wp-json\/wp\/v2\/comments?post=751"}],"version-history":[{"count":3,"href":"https:\/\/fabriciolima.net\/blog\/wp-json\/wp\/v2\/pages\/751\/revisions"}],"predecessor-version":[{"id":9098,"href":"https:\/\/fabriciolima.net\/blog\/wp-json\/wp\/v2\/pages\/751\/revisions\/9098"}],"up":[{"embeddable":true,"href":"https:\/\/fabriciolima.net\/blog\/wp-json\/wp\/v2\/pages\/1716"}],"wp:attachment":[{"href":"https:\/\/fabriciolima.net\/blog\/wp-json\/wp\/v2\/media?parent=751"}],"curies":[{"name":"wp","href":"https:\/\/api.w.org\/{rel}","templated":true}]}}