{"id":6222,"date":"2016-08-06T23:41:57","date_gmt":"2016-08-07T02:41:57","guid":{"rendered":"http:\/\/www.fabriciolima.net\/?page_id=6222"},"modified":"2018-06-05T23:10:53","modified_gmt":"2018-06-06T02:10:53","slug":"materiais-certificacao","status":"publish","type":"page","link":"https:\/\/fabriciolima.net\/blog\/sql-server\/materiais-certificacao\/","title":{"rendered":"Materiais para Certifica\u00e7\u00e3o"},"content":{"rendered":"<p>Nesta p\u00e1gina deixarei links e informa\u00e7\u00f5es sobre <b>Certifica\u00e7\u00f5es na \u00e1rea de Tecnologia de Informa\u00e7\u00e3o<\/b>.<\/p>\n<p><b>OBS:<\/b> Fiquem a vontade para <b>sugerir<\/b> outros <b>Links<\/b> e <b>Materiais<\/b> nos <b>Coment\u00e1rios<\/b>.<\/p>\n<h5><span style=\"color: #ff0000;\"><strong>\u00daltima Atualiza\u00e7\u00e3o: 05\/06\/2018<\/strong><\/span><\/h5>\n<p>&nbsp;<\/p>\n<h6>Free E-Books sobre SQL Server para Download<\/h6>\n<ul>\n<li>Segue abaixo o link de um post que <b>atualizo frequentemente<\/b> com diversos <b>E-Books Gratuitos<\/b>:<\/li>\n<\/ul>\n<p><a href=\"https:\/\/www.fabriciolima.net\/blog\/2010\/12\/03\/free-ebooks-sobre-sql-server-para-download\/\" target=\"_blank\" rel=\"noopener\">https:\/\/www.fabriciolima.net\/blog\/2010\/12\/03\/free-ebooks-sobre-sql-server-para-download\/<\/a><\/p>\n<h6>Materiais para Estudo<\/h6>\n<ul>\n<li>Segue abaixo o link de um post que <b>atualizo frequentemente<\/b> com mais Materiais para Estudo com v\u00e1rios <b>Cursos Gratuitos, V\u00eddeos e Links interessantes<\/b>:<\/li>\n<\/ul>\n<p><a href=\"https:\/\/www.fabriciolima.net\/sql-server\/materiais-para-estudo\/\" target=\"_blank\" rel=\"noopener\">https:\/\/www.fabriciolima.net\/sql-server\/materiais-para-estudo\/<\/a><\/p>\n<h6>Materiais para Certifica\u00e7\u00e3o &#8211; Blog Dirceu Resende<\/h6>\n<ul>\n<li>Segue abaixo tamb\u00e9m alguns links com posts bem interessantes sobre certifica\u00e7\u00e3o do\u00a0<a href=\"https:\/\/www.dirceuresende.com\/blog\" target=\"_blank\" rel=\"noopener\">Blog do Dirceu Resende<\/a>:<\/li>\n<\/ul>\n<p><a href=\"https:\/\/www.dirceuresende.com\/blog\/certificacoes-microsoft-material-de-estudo-para-as-provas-de-mcsa-do-sql-server-2016\/\" target=\"_blank\" rel=\"noopener\">https:\/\/www.dirceuresende.com\/blog\/certificacoes-microsoft-material-de-estudo-para-as-provas-de-mcsa-do-sql-server-2016\/<\/a><\/p>\n<p><a href=\"https:\/\/www.dirceuresende.com\/blog\/certificacoes-microsoft-material-de-estudo-em-portugues-para-obter-sua-primeira-certificacao-mta\/\" target=\"_blank\" rel=\"noopener\">https:\/\/www.dirceuresende.com\/blog\/certificacoes-microsoft-material-de-estudo-em-portugues-para-obter-sua-primeira-certificacao-mta\/<\/a><\/p>\n<p><a href=\"https:\/\/www.dirceuresende.com\/banco-de-dados\/sql-server\/carreira-cursos-certificacoes\/\" target=\"_blank\" rel=\"noopener\">https:\/\/www.dirceuresende.com\/banco-de-dados\/sql-server\/carreira-cursos-certificacoes\/<\/a><\/p>\n<p>&nbsp;<\/p>\n<h5>Sites Microsoft<\/h5>\n<p>Segue abaixo alguns links interessantes do <a href=\"https:\/\/www.microsoft.com\/pt-br\/\" target=\"_blank\" rel=\"noopener\"><b>Site Oficial da Microsoft<\/b><\/a>.<\/p>\n<ul>\n<li><b>Exames de Certifica\u00e7\u00e3o Microsoft (Vis\u00e3o Geral):<\/b><\/li>\n<\/ul>\n<p><a href=\"https:\/\/www.microsoft.com\/pt-br\/learning\/certification-exams.aspx\/\" target=\"_blank\" rel=\"noopener\">https:\/\/www.microsoft.com\/pt-br\/learning\/certification-exams.aspx\/<\/a><\/p>\n<ul>\n<li><b>Certifica\u00e7\u00f5es Microsoft SQL Server:<\/b><\/li>\n<\/ul>\n<p><a href=\"https:\/\/www.microsoft.com\/pt-br\/learning\/sql-certification.aspx\/\" target=\"_blank\" rel=\"noopener\">https:\/\/www.microsoft.com\/pt-br\/learning\/sql-certification.aspx\/<\/a><\/p>\n<ul>\n<li><b>Certifica\u00e7\u00f5es Windows Server:<\/b><\/li>\n<\/ul>\n<p><a href=\"https:\/\/www.microsoft.com\/pt-br\/learning\/windows-server-certification.aspx\/\" target=\"_blank\" rel=\"noopener\">https:\/\/www.microsoft.com\/pt-br\/learning\/windows-server-certification.aspx\/<\/a><\/p>\n<ul>\n<li><b>Lista de TODOS os Exames de Certifica\u00e7\u00e3o Microsoft:<\/b><\/li>\n<\/ul>\n<p><a href=\"https:\/\/www.microsoft.com\/pt-br\/learning\/exam-list.aspx\/\" target=\"_blank\" rel=\"noopener\">https:\/\/www.microsoft.com\/pt-br\/learning\/exam-list.aspx\/<\/a><\/p>\n<ul>\n<li><b>MVA &#8211; Microsoft Virtual Academy &#8211; Treinamentos GRATUITOS nas tecnologias Microsoft:<\/b><\/li>\n<\/ul>\n<p><a href=\"https:\/\/mva.microsoft.com\/\" target=\"_blank\" rel=\"noopener\">https:\/\/mva.microsoft.com\/<\/a><\/p>\n<h5>SQL Server 2016<\/h5>\n<p><b>MCSA: SQL 2016 Database Development<\/b><br \/>\n<b>MCSA: SQL 2016 Database Administration<\/b><br \/>\n<b>MCSA: SQL 2016 Business Intelligence Development<\/b><\/p>\n<ul>\n<li>Post com mais informa\u00e7\u00f5es sobre as <b>Certifica\u00e7\u00f5es do SQL Server 2016<\/b>:<\/li>\n<\/ul>\n<p><a href=\"https:\/\/www.fabriciolima.net\/blog\/2016\/06\/29\/certificacoes-do-sql-server-2016\/\" target=\"_blank\" rel=\"noopener\">https:\/\/www.fabriciolima.net\/blog\/2016\/06\/29\/certificacoes-do-sql-server-2016\/<\/a><\/p>\n<ul>\n<li><b>SQL Server 2016 Training Kit<\/b>:<\/li>\n<\/ul>\n<p><a href=\"https:\/\/www.microsoft.com\/en-us\/download\/details.aspx?id=54089\" target=\"_blank\" rel=\"noopener\">https:\/\/www.microsoft.com\/en-us\/download\/details.aspx?id=54089<\/a><\/p>\n<ul>\n<li><b>SQLServerCentral &#8211; Learning New Features in SQL Server 2016<\/b>:<\/li>\n<\/ul>\n<p><a href=\"http:\/\/www.sqlservercentral.com\/articles\/SQL+Server+2016\/127518\/\" target=\"_blank\" rel=\"noopener\">http:\/\/www.sqlservercentral.com\/articles\/SQL+Server+2016\/127518\/<\/a><\/p>\n<h5>SQL Server 2012 e SQL Server 2014<\/h5>\n<p><b>Microsoft Certified Solutions Associate (MCSA)<\/b><br \/>\n<b>Microsoft Certified Solutions Expert (MCSE)<\/b><\/p>\n<ul>\n<li>Post com mais informa\u00e7\u00f5es sobre as <b>Certifica\u00e7\u00f5es do SQL Server 2012\/2014<\/b>:<\/li>\n<\/ul>\n<p><a href=\"https:\/\/www.fabriciolima.net\/blog\/2013\/08\/03\/material-para-as-certificacoes-mcsa-e-mcse-do-sql-server-2012\/\" target=\"_blank\" rel=\"noopener\">https:\/\/www.fabriciolima.net\/blog\/2013\/08\/03\/material-para-as-certificacoes-mcsa-e-mcse-do-sql-server-2012\/<\/a><\/p>\n<ul>\n<li>Post com informa\u00e7\u00f5es espec\u00edficas para as <b>Certifica\u00e7\u00f5es do SQL Server 2014<\/b><\/li>\n<\/ul>\n<p><a href=\"https:\/\/www.fabriciolima.net\/blog\/2014\/04\/27\/como-serao-as-certificacoes-do-sql-server-2014\/\" target=\"_blank\" rel=\"noopener\">https:\/\/www.fabriciolima.net\/blog\/2014\/04\/27\/como-serao-as-certificacoes-do-sql-server-2014\/<\/a><\/p>\n<h6>Prova 70-461 \u2013 Querying Microsoft SQL Server 2012\/2014<\/h6>\n<ul>\n<li><b>10 Simulados com 5 quest\u00f5es em cada Post (links para os outros Simulados no final desse Post)<\/b><\/li>\n<\/ul>\n<p><a href=\"https:\/\/www.fabriciolima.net\/blog\/2014\/05\/19\/sql-server-2012-simulado-para-a-prova-70-461-parte-10\/\" target=\"_blank\" rel=\"noopener\">https:\/\/www.fabriciolima.net\/blog\/2014\/05\/19\/sql-server-2012-simulado-para-a-prova-70-461-parte-10\/<\/a><\/p>\n<h5>Windows Server 2012<\/h5>\n<h6>Prova 70-410 &#8211; Installing and Configuring Windows Server 2012<\/h6>\n<ul>\n<li><b>5 Simulados com 5 quest\u00f5es em cada Post (links para os outros Simulados no final desse Post)<\/b><\/li>\n<\/ul>\n<p><a href=\"https:\/\/www.fabriciolima.net\/blog\/2013\/04\/20\/windows-server-2012-simulado-para-a-prova-70-410-parte-5\/\" target=\"_blank\" rel=\"noopener\">https:\/\/www.fabriciolima.net\/blog\/2013\/04\/20\/windows-server-2012-simulado-para-a-prova-70-410-parte-5\/<\/a><\/p>\n<h5>MTA &#8211; Microsoft Technology Associate<\/h5>\n<ul>\n<li><b>O que \u00e9 a Certifica\u00e7\u00e3o MTA?<\/b><\/li>\n<\/ul>\n<p>\u00c9 uma certifica\u00e7\u00e3o introdut\u00f3ria da Microsoft para pessoas que buscam uma carreira em tecnologia. A certifica\u00e7\u00e3o MTA abrange um amplo espectro de conceitos t\u00e9cnicos fundamentais, avalia e valida seu conhecimento t\u00e9cnico padr\u00e3o e aprimora sua credibilidade t\u00e9cnica.<\/p>\n<p><b>Observa\u00e7\u00e3o:<\/b> Os exames MTA n\u00e3o o qualificam para a certifica\u00e7\u00e3o MCP e tamb\u00e9m n\u00e3o s\u00e3o pr\u00e9-requisito para as certifica\u00e7\u00f5es MCSA ou MCSD.<\/p>\n<ul>\n<li>Link com mais informa\u00e7\u00f5es sobre as Certifica\u00e7\u00f5es MTA:<\/li>\n<\/ul>\n<p><a href=\"https:\/\/www.microsoft.com\/pt-br\/learning\/mta-certification.aspx\/\" target=\"_blank\" rel=\"noopener\">https:\/\/www.microsoft.com\/pt-br\/learning\/mta-certification.aspx\/<\/a><\/p>\n<ul>\n<li>Link para marca\u00e7\u00e3o do exame:<\/li>\n<\/ul>\n<p><a href=\"http:\/\/www.certiport.com\/locator\/\" target=\"_blank\" rel=\"noopener\">http:\/\/www.certiport.com\/locator\/<\/a><\/p>\n<ul>\n<li>Material para estudo (<b>em ingl\u00eas<\/b>):<\/li>\n<\/ul>\n<p><a href=\"http:\/\/www.certiport.com\/Portal\/desktopdefault.aspx?page=common\/pagelibrary\/MTA_study_guides.html\" target=\"_blank\" rel=\"noopener\">http:\/\/www.certiport.com\/Portal\/desktopdefault.aspx?page=common\/pagelibrary\/MTA_study_guides.html<\/a><\/p>\n<ul>\n<li>Material para estudo (<b>em portugu\u00eas<\/b>):<\/li>\n<\/ul>\n<p><a href=\"http:\/\/www.certiport.com\/Portal\/desktopdefault.aspx?page=common\/pagelibrary\/MTA_study_guides_PTB.html\" target=\"_blank\" rel=\"noopener\">http:\/\/www.certiport.com\/Portal\/desktopdefault.aspx?page=common\/pagelibrary\/MTA_study_guides_PTB.html<\/a><\/p>\n<h6>Curso Oficial da Microsoft<\/h6>\n<ul>\n<li><b>Course 40364A &#8211; Database Administration Fundamentals: MTA Exam 98-364<\/b><\/li>\n<\/ul>\n<p><a href=\"https:\/\/www.microsoft.com\/en-us\/learning\/course.aspx?cid=40364A\" target=\"_blank\" rel=\"noopener\">https:\/\/www.microsoft.com\/en-us\/learning\/course.aspx?cid=40364A<\/a><\/p>\n<h6>MVA (Microsoft Virtual Academy)<\/h6>\n<ul>\n<li><b>Curso: Conceitos b\u00e1sicos de bancos de dados<\/b><\/li>\n<\/ul>\n<p><a href=\"https:\/\/mva.microsoft.com\/pt-br\/training-courses\/conceitos-bsicos-de-bancos-de-dados-8243\/\" target=\"_blank\" rel=\"noopener\">https:\/\/mva.microsoft.com\/pt-br\/training-courses\/conceitos-bsicos-de-bancos-de-dados-8243\/<\/a><\/p>\n<ul>\n<li><b>Curso: Querying Microsoft SQL Server 2012 Databases Jump Start<\/b><\/li>\n<\/ul>\n<p><a href=\"https:\/\/mva.microsoft.com\/en-US\/training-courses\/querying-microsoft-sql-server-2012-databases-jump-start-8241\" target=\"_blank\" rel=\"noopener\">https:\/\/mva.microsoft.com\/en-US\/training-courses\/querying-microsoft-sql-server-2012-databases-jump-start-8241<\/a><\/p>\n<h5>ITIL (Information Technology Infrastructure Library)<\/h5>\n<ul>\n<li><b>O que \u00e9 a Certifica\u00e7\u00e3o ITIL V3 Foundation?<\/b><\/li>\n<\/ul>\n<p>S\u00e3o os fundamentos sobre o gerenciamento de servi\u00e7os em TI e tem o objetivo de mostrar que o candidato que passar no exame tem familiaridade com as melhores pr\u00e1ticas para Gerenciamento de Servi\u00e7os em TI e, principalmente, que domina a terminologia da ITIL. O Certificado Foundation \u00e9 um pr\u00e9-requisito para se candidatar aos outro n\u00edveis de certifica\u00e7\u00e3o.<\/p>\n<ul>\n<li>Segue abaixo link com mais informa\u00e7\u00f5es sobre a Certifica\u00e7\u00e3o ITIL:<\/li>\n<\/ul>\n<p><a href=\"https:\/\/www.exin.com\/BR\/pt\/exames\/?exam=itil-v3-foundation\/\" target=\"_blank\" rel=\"noopener\">https:\/\/www.exin.com\/BR\/pt\/exames\/?exam=itil-v3-foundation\/<\/a><\/p>\n<ul>\n<li><b>3 Simulados ITIL V3 Foundation:<\/b><\/li>\n<\/ul>\n<p><a href=\"http:\/\/issoe.com.br\/issoe\/index.php\/simulado-itil-v3-gratuito.html\" target=\"_blank\" rel=\"noopener\">http:\/\/issoe.com.br\/issoe\/index.php\/simulado-itil-v3-gratuito.html<\/a><\/p>\n<p><a href=\"https:\/\/pt.scribd.com\/doc\/20751127\/ITIL-V3-Simulado\/\" target=\"_blank\" rel=\"noopener\">https:\/\/pt.scribd.com\/doc\/20751127\/ITIL-V3-Simulado\/<\/a><\/p>\n<p><a href=\"http:\/\/www.atillaarruda.com.br\/files\/simulado-itil\/\" target=\"_blank\" rel=\"noopener\">http:\/\/www.atillaarruda.com.br\/files\/simulado-itil\/<\/a><\/p>\n<h5>COBIT (Control Objectives for Information and related Technology)<\/h5>\n<ul>\n<li><b>O que \u00e9 a Certifica\u00e7\u00e3o COBIT?<\/b><\/li>\n<\/ul>\n<p>Esta certifica\u00e7\u00e3o proporciona uma vis\u00e3o hol\u00edstica da governan\u00e7a dos neg\u00f3cios da TI, garantindo o perfeito alinhamento da TI ao neg\u00f3cio, assim como o seu papel, como centro da informa\u00e7\u00e3o e da tecnologia na cria\u00e7\u00e3o de valor para empresas de todos os tamanhos e segmentos.<\/p>\n<ul>\n<li>Link com mais informa\u00e7\u00f5es sobre a Certifica\u00e7\u00e3o COBIT:<\/li>\n<\/ul>\n<p><a href=\"http:\/\/www.isaca.org\/chapters9\/Brasilia\/Certification\/Pages\/Page5.aspx\/\" target=\"_blank\" rel=\"noopener\">http:\/\/www.isaca.org\/chapters9\/Brasilia\/Certification\/Pages\/Page5.aspx\/<\/a><\/p>\n<ul>\n<li>Link para <b>marca\u00e7\u00e3o do Exame ONLINE<\/b>:<\/li>\n<\/ul>\n<p><a href=\"http:\/\/www.apmg-international.com\/en\/qualifications\/cobit5\/cobit-online-exams.aspx\" target=\"_blank\" rel=\"noopener\">http:\/\/www.apmg-international.com\/en\/qualifications\/cobit5\/cobit-online-exams.aspx<\/a><\/p>\n<ul>\n<li><b>8 Simulados com 5 quest\u00f5es em cada Post (links para os outros Simulados no final desse Post)<\/b><\/li>\n<\/ul>\n<p><a href=\"https:\/\/www.fabriciolima.net\/blog\/2012\/11\/26\/simulado-para-a-certificacao-cobit-v4-1-foundation-parte-8-final\/\" target=\"_blank\" rel=\"noopener\">https:\/\/www.fabriciolima.net\/blog\/2012\/11\/26\/simulado-para-a-certificacao-cobit-v4-1-foundation-parte-8-final\/<\/a><br \/>\n<b>OBS:<\/b> Sei que existem muito mais recursos dispon\u00edveis na internet. Se quiserem compartilhar nos coment\u00e1rios, ser\u00e1 de grande valor para todos!<br \/>\n<b>Gostou dessas dicas?<\/b><\/p>\n<p>Assine meu canal no <a href=\"https:\/\/www.youtube.com\/channel\/UCeBRAO_LLrUdSrOXIywjzRA\" target=\"_blank\" rel=\"noopener\">Youtube<\/a> e curta minha p\u00e1gina no <a class=\"external-link wpel-icon-left\" href=\"https:\/\/www.facebook.com\/FabricioLimaSolucoesemBancodeDados\/\" target=\"_blank\" rel=\"nofollow external noopener noreferrer\" data-wpel-link=\"external\">Facebook<\/a> para receber Dicas de Leituras, V\u00eddeos e Eventos sobre SQL Server.<\/p>\n<p>Abra\u00e7os,<\/p>\n<p>Fabr\u00edcio Lima<\/p>\n<p>MCITP \u2013 Database Administrator<\/p>\n<p>Consultor e Instrutor SQL Server<\/p>\n<p>Trabalha com SQL Server desde 2006<\/p>\n","protected":false},"excerpt":{"rendered":"<p>Nesta p\u00e1gina deixarei links e informa\u00e7\u00f5es sobre Certifica\u00e7\u00f5es na \u00e1rea de Tecnologia de Informa\u00e7\u00e3o. OBS: Fiquem a vontade para sugerir outros Links e Materiais nos Coment\u00e1rios. \u00daltima Atualiza\u00e7\u00e3o: 05\/06\/2018 &nbsp; Free E-Books sobre SQL Server para Download Segue abaixo o link de um post que atualizo frequentemente com diversos E-Books Gratuitos: https:\/\/www.fabriciolima.net\/blog\/2010\/12\/03\/free-ebooks-sobre-sql-server-para-download\/ Materiais para Estudo [&hellip;]<\/p>\n","protected":false},"author":1,"featured_media":0,"parent":1716,"menu_order":0,"comment_status":"open","ping_status":"closed","template":"","meta":{"_exactmetrics_skip_tracking":false,"_exactmetrics_sitenote_active":false,"_exactmetrics_sitenote_note":"","_exactmetrics_sitenote_category":0,"_uf_show_specific_survey":0,"_uf_disable_surveys":false,"jetpack_post_was_ever_published":false,"footnotes":""},"jetpack_sharing_enabled":true,"jetpack-related-posts":[],"jetpack_likes_enabled":true,"jetpack_shortlink":"https:\/\/wp.me\/P7v2hY-1Cm","_links":{"self":[{"href":"https:\/\/fabriciolima.net\/blog\/wp-json\/wp\/v2\/pages\/6222"}],"collection":[{"href":"https:\/\/fabriciolima.net\/blog\/wp-json\/wp\/v2\/pages"}],"about":[{"href":"https:\/\/fabriciolima.net\/blog\/wp-json\/wp\/v2\/types\/page"}],"author":[{"embeddable":true,"href":"https:\/\/fabriciolima.net\/blog\/wp-json\/wp\/v2\/users\/1"}],"replies":[{"embeddable":true,"href":"https:\/\/fabriciolima.net\/blog\/wp-json\/wp\/v2\/comments?post=6222"}],"version-history":[{"count":2,"href":"https:\/\/fabriciolima.net\/blog\/wp-json\/wp\/v2\/pages\/6222\/revisions"}],"predecessor-version":[{"id":9038,"href":"https:\/\/fabriciolima.net\/blog\/wp-json\/wp\/v2\/pages\/6222\/revisions\/9038"}],"up":[{"embeddable":true,"href":"https:\/\/fabriciolima.net\/blog\/wp-json\/wp\/v2\/pages\/1716"}],"wp:attachment":[{"href":"https:\/\/fabriciolima.net\/blog\/wp-json\/wp\/v2\/media?parent=6222"}],"curies":[{"name":"wp","href":"https:\/\/api.w.org\/{rel}","templated":true}]}}