{"id":417,"date":"2011-02-11T23:57:18","date_gmt":"2011-02-12T01:57:18","guid":{"rendered":"http:\/\/fabriciolima.net\/blog\/"},"modified":"2017-10-17T23:37:58","modified_gmt":"2017-10-18T01:37:58","slug":"downloads","status":"publish","type":"page","link":"https:\/\/fabriciolima.net\/blog\/sql-server\/downloads\/","title":{"rendered":"Downloads"},"content":{"rendered":"<p>Nesta p\u00e1gina deixarei links de diversos tipos de downloads relacionados ao SQL Server.<\/p>\n<p><b>OBS1: Fique a vontade para informar outros links nos coment\u00e1rios.<\/b><\/p>\n<h6><span style=\"color: #ff0000;\"><strong><span style=\"font-size: x-large;\">\u00daltima Atualiza\u00e7\u00e3o: 06\/10\/2017<\/span><\/strong><\/span><\/h6>\n<p>&nbsp;<\/p>\n<h6>Free E-Books sobre SQL Server para Download<\/h6>\n<ul>\n<li>Segue abaixo o link de um post que <b>atualizo frequentemente<\/b> com diversos <b>E-Books Gratuitos<\/b>:<\/li>\n<\/ul>\n<p><a href=\"https:\/\/www.fabriciolima.net\/blog\/2010\/12\/03\/free-ebooks-sobre-sql-server-para-download\/\" target=\"_blank\" rel=\"noopener noreferrer\">https:\/\/www.fabriciolima.net\/blog\/2010\/12\/03\/free-ebooks-sobre-sql-server-para-download\/<\/a><\/p>\n<h6>Materiais para Certifica\u00e7\u00e3o<\/h6>\n<ul>\n<li>Segue abaixo o link de um post que <b>atualizo frequentemente<\/b> com diversos <b>Materiais para Certifica\u00e7\u00e3o<\/b>:<\/li>\n<\/ul>\n<p><a href=\"https:\/\/www.fabriciolima.net\/sql-server\/materiais-certificacao\/\" target=\"_blank\" rel=\"noopener noreferrer\">https:\/\/www.fabriciolima.net\/sql-server\/materiais-certificacao\/<\/a><\/p>\n<h6>Materiais para Estudo<\/h6>\n<ul>\n<li>Segue abaixo o link de um post que <b>atualizo frequentemente<\/b> com mais Materiais para Estudo com v\u00e1rios <b>Cursos Gratuitos, V\u00eddeos e Links interessantes<\/b>:<\/li>\n<\/ul>\n<p><a href=\"https:\/\/www.fabriciolima.net\/sql-server\/materiais-para-estudo\/\" target=\"_blank\" rel=\"noopener noreferrer\">https:\/\/www.fabriciolima.net\/sql-server\/materiais-para-estudo\/<\/a><\/p>\n<h6>Microsoft SQL Server Developer Edition (FREE)<\/h6>\n<p>O SQL Server Developer Edition agora \u00e9 uma edi\u00e7\u00e3o gratuita que permite aos desenvolvedores aproveitar todos os recursos avan\u00e7ados no SQL Server. Essa edi\u00e7\u00e3o destina-se apenas a ambientes de desenvolvimento e testes, n\u00e3o a ambientes de produ\u00e7\u00e3o nem ao uso com dados de produ\u00e7\u00e3o.<\/p>\n<p>Veja mais informa\u00e7\u00f5es sobre como fazer o Download no Post abaixo:<\/p>\n<ul>\n<li><b><a href=\"https:\/\/www.fabriciolima.net\/blog\/2016\/04\/01\/sql-server-developer-edition-e-6-meses-de-pluralsight-gratis\/\" target=\"_blank\" rel=\"noopener noreferrer\">Link<\/a> &#8211; <span style=\"color: #ff0000;\">Atualizado dia 31\/10\/2016<\/span> &#8211;<\/b> Fabr\u00edcio Lima &#8211; SQL Server Developer Edition e 6 meses de Pluralsight gr\u00e1tis<\/li>\n<\/ul>\n<p>&nbsp;<\/p>\n<h6>Microsoft SQL Server 2016 Express (FREE)<\/h6>\n<p>O Microsoft\u00ae SQL Server\u00ae 2016 Express \u00e9 um sistema de gerenciamento de dados gratuito avan\u00e7ado e confi\u00e1vel que fornece um armazenamento de dados rico e confi\u00e1vel para sites e aplicativos para \u00e1rea de trabalho leves.<\/p>\n<ul>\n<li><b><a href=\"https:\/\/www.microsoft.com\/pt-BR\/download\/details.aspx?id=52679\" target=\"_blank\" rel=\"noopener noreferrer\">Download<\/a> &#8211; <span style=\"color: #ff0000;\">Atualizado dia 31\/10\/2016<\/span> &#8211;<\/b> Site Microsoft &#8211; Microsoft SQL Server 2016 Express<\/li>\n<\/ul>\n<p>&nbsp;<\/p>\n<h6>Microsoft SQL Server &#8211; Vis\u00e3o Geral das Edi\u00e7\u00f5es<\/h6>\n<p>O SQL Server oferece a edi\u00e7\u00e3o certa para atender \u00e0s suas necessidades, incluindo: Enterprise para aplicativos cr\u00edticos, business intelligence corporativo e data warehouse; Business Intelligence para business intelligence de autoatendimento e corporativo e Standard para recursos b\u00e1sicos de bancos de dados, relat\u00f3rios e an\u00e1lise.<\/p>\n<ul>\n<li><b><a href=\"https:\/\/www.microsoft.com\/pt-br\/server-cloud\/Products\/sql-server-editions\/overview.aspx\" target=\"_blank\" rel=\"noopener noreferrer\">Link<\/a> &#8211; <span style=\"color: #ff0000;\">Atualizado dia 31\/10\/2016<\/span> &#8211;<\/b> Site Microsoft &#8211; SQL Server e plataforma de dados &#8211; Edi\u00e7\u00f5es<\/li>\n<\/ul>\n<p>&nbsp;<\/p>\n<h6>SQL Server Management Studio (SSMS) &#8211; (FREE)<\/h6>\n<p>O SQL Server Management Studio (SSMS) \u00e9 um ambiente integrado para acessar, configurar, gerenciar, administrar e desenvolver todos os componentes do SQL Server. O SSMS combina um amplo grupo de ferramentas gr\u00e1ficas com v\u00e1rios editores de script avan\u00e7ados para fornecer acesso ao SQL Server para desenvolvedores e administradores de todos os n\u00edveis de conhecimento.<\/p>\n<ul>\n<li><b><a href=\"https:\/\/msdn.microsoft.com\/en-us\/library\/mt238290.aspx\" target=\"_blank\" rel=\"noopener noreferrer\">Download<\/a> &#8211; <span style=\"color: #ff0000;\">Atualizado dia 31\/10\/2016<\/span> &#8211;<\/b> Site MSDN &#8211; SQL Server Management Studio<\/li>\n<\/ul>\n<p>&nbsp;<\/p>\n<h6>Data Migration Assistant (DMA)<\/h6>\n<p>O Data Migration Assistant (DMA) permite que voc\u00ea atualize para uma plataforma de dados moderna, detectando problemas de compatibilidade que podem afetar a funcionalidade do banco de dados em sua nova vers\u00e3o do SQL Server e do banco de dados Azure SQL. Recomenda melhorias de desempenho e confiabilidade para o seu ambiente de destino. Ele permite que voc\u00ea n\u00e3o apenas mova seu esquema e dados, mas tamb\u00e9m objetos n\u00e3o contidos do seu servidor de origem para o servidor de destino.<\/p>\n<p>O DMA substitui todas as vers\u00f5es anteriores do SQL Server Upgrade Advisor e deve ser usado para atualiza\u00e7\u00f5es para a maioria das vers\u00f5es do SQL Server (veja abaixo as vers\u00f5es suportadas).<\/p>\n<ul>\n<li><b><a href=\"https:\/\/blogs.msdn.microsoft.com\/datamigration\/dma\/\" target=\"_blank\" rel=\"noopener noreferrer\">Download<\/a> &#8211; <span style=\"color: #ff0000;\">Atualizado dia 06\/10\/2017<\/span> &#8211;<\/b> Site Microsoft &#8211; Data Migration Asistant<\/li>\n<\/ul>\n<p>&nbsp;<\/p>\n<h6>SQL Prompt (Red Gate &#8211; Vers\u00e3o TRIAL)<\/h6>\n<p>Um add-in para o SQL Server Management Studio e Visual Studio, o SQL Prompt diminui a repeti\u00e7\u00e3o de codifica\u00e7\u00e3o. Al\u00e9m de completar automaticamente o seu c\u00f3digo, o SQL Prompt trata da formata\u00e7\u00e3o, renomea\u00e7\u00e3o de objetos e outras distra\u00e7\u00f5es para que voc\u00ea possa concentrar-se em como o c\u00f3digo realmente funciona. Se voc\u00ea precisa escrever, refatorar ou examinar c\u00f3digos de banco de dados, descobra como o SQL Prompt faz isso sem muito esfor\u00e7o experimentando <b>gratuitamente por 28 dias<\/b>.<\/p>\n<ul>\n<li><b><a href=\"http:\/\/www.red-gate.com\/products\/sql-development\/sql-prompt\/\" target=\"_blank\" rel=\"noopener noreferrer\">Download<\/a> &#8211; <span style=\"color: #ff0000;\">Atualizado dia 31\/10\/2016<\/span> &#8211;<\/b> Site Red Gate &#8211; SQL Prompt<\/li>\n<\/ul>\n<p>&nbsp;<\/p>\n<h6>Plan Explorer (Sentry One &#8211; FREE)<\/h6>\n<p>\u00d3tima ferramenta de an\u00e1lise de consultas SQL e otimiza\u00e7\u00e3o agora \u00e9 <b>completamente gr\u00e1tis!<\/b> Baixe o Plan Explorer e encontre \u00e0 raiz das quest\u00f5es mais dif\u00edceis de consultas SQL Server. Eleve o seu tuning de consultas para um novo n\u00edvel com recursos avan\u00e7ados n\u00e3o encontrados em outras ferramentas.<\/p>\n<ul>\n<li><b><a href=\"https:\/\/www.sentryone.com\/plan-explorer\" target=\"_blank\" rel=\"noopener noreferrer\">Download<\/a> &#8211; <span style=\"color: #ff0000;\">Atualizado dia 31\/10\/2016<\/span> &#8211;<\/b> Site Sentry One &#8211; Plan Explorer<\/li>\n<\/ul>\n<p>&nbsp;<\/p>\n<h6>TreeSize Free (JAM Software)<\/h6>\n<p>O TreeSize Free \u00e9 um gerenciador de espa\u00e7o livre em disco para Windows. O software mostra os tamanhos de pastas incluindo todas as subpastas. Tem uma interface bem simples e amig\u00e1vel.<\/p>\n<ul>\n<li><b><a href=\"http:\/\/www.jam-software.de\/treesize_free\/\" target=\"_blank\" rel=\"noopener noreferrer\">Download<\/a> &#8211; <span style=\"color: #ff0000;\">Atualizado dia 03\/04\/2017<\/span> &#8211;<\/b> Site JAM Software &#8211; TreeSize Free<\/li>\n<\/ul>\n<p>&nbsp;<\/p>\n<h6>SSMS Tools Pack (by Mladen Prajdi\u0107)<\/h6>\n<p>Um add-in para o Microsoft SQL Server Management Studio (SSMS) com diversas funcionalidades \u00fateis para o dia a dia. Pode ser usado com o SSMS das vers\u00f5es 2008, 2008 R2, 2012 e 2014.<\/p>\n<p><b>Licenciado para vers\u00f5es SSMS 2012 e superiores. Para vers\u00f5es anteriores do SSMS, o SSMS Tools Pack \u00e9 FREE.<\/b><\/p>\n<ul>\n<li><b><a href=\"http:\/\/ssmstoolspack.com\/\" target=\"_blank\" rel=\"noopener noreferrer\">Download<\/a> &#8211; <span style=\"color: #ff0000;\">Atualizado dia 31\/10\/2016<\/span> &#8211;<\/b> SSMS Tools Pack<\/li>\n<\/ul>\n<p>&nbsp;<\/p>\n<h6>SQL Server 2016 Training Kit (FREE)<\/h6>\n<p>O SQL Server 2016 Training Kit \u00e9 um grande recurso para os desenvolvedores, formadores, consultores e evangelistas que precisam entender as principais melhorias introduzidas no SQL Server 2016. Ele cont\u00e9m um rico conjunto de apresenta\u00e7\u00f5es, demonstra\u00e7\u00f5es, laborat\u00f3rios pr\u00e1ticos e v\u00eddeos que s\u00e3o perfeitos para o seu aprendizado individualizado ou para realizar seu pr\u00f3prio evento de treinamento e obter informa\u00e7\u00f5es valiosas para as novas capacidades.<\/p>\n<ul>\n<li><b><a href=\"https:\/\/www.microsoft.com\/en-us\/download\/details.aspx?id=54089\" target=\"_blank\" rel=\"noopener noreferrer\">Download<\/a> &#8211; <span style=\"color: #ff0000;\">Atualizado dia 31\/10\/2016<\/span> &#8211;<\/b> Site Microsoft &#8211; SQL Server 2016 Training Kit<\/li>\n<\/ul>\n<p>&nbsp;<\/p>\n<h6>SQL Server 2012<\/h6>\n<ul>\n<li><a href=\"http:\/\/www.microsoft.com\/download\/en\/details.aspx?displaylang=en&amp;id=27721\" target=\"_blank\" rel=\"noopener noreferrer\"><b>Download &#8211;<\/b><\/a> Atualizado dia 10\/12\/2012 &#8211; SQL Server 2012 Developer Training Kit Web Installer<\/li>\n<li><a href=\"http:\/\/msftdbprodsamples.codeplex.com\/releases\/view\/55330\" target=\"_blank\" rel=\"noopener noreferrer\"><b>Download &#8211;<\/b><\/a> Atualizado dia 10\/12\/2012 &#8211; Adventure Works for SQL Server 2012<\/li>\n<li><a href=\"http:\/\/www.microsoft.com\/download\/en\/details.aspx?id=29066&amp;WT.mc_id=aff-n-in-loc--pd\" target=\"_blank\" rel=\"noopener noreferrer\"><b>Download &#8211;<\/b><\/a> Atualizado dia 10\/12\/2012 &#8211; Microsoft SQL Server 2012 Evaluation<\/li>\n<li><a href=\"http:\/\/www.microsoft.com\/download\/en\/details.aspx?id=29062&amp;WT.mc_id=aff-n-in-loc--pd\" target=\"_blank\" rel=\"noopener noreferrer\"><b>Download &#8211;<\/b><\/a> Atualizado dia 10\/12\/2012 &#8211; Microsoft SQL Server 2012 Express<\/li>\n<\/ul>\n<p>&nbsp;<\/p>\n<h6>SQL Server 2008 R2<\/h6>\n<ul>\n<li><a href=\"http:\/\/www.microsoft.com\/downloads\/en\/details.aspx?FamilyID=967225eb-207b-4950-91df-eeb5f35a80ee\" target=\"_blank\" rel=\"noopener noreferrer\"><b>Download &#8211;<\/b><\/a> Atualizado dia 10\/12\/2012 &#8211; SQL Server 2008 R2 Express<\/li>\n<li><a href=\"http:\/\/www.microsoft.com\/downloads\/en\/details.aspx?FamilyID=CEB4346F-657F-4D28-83F5-AAE0C5C83D52\" target=\"_blank\" rel=\"noopener noreferrer\"><b>Download &#8211;<\/b><\/a> Atualizado dia 10\/12\/2012 &#8211; Microsoft SQL Server 2008 R2 Feature Pack<\/li>\n<li><a href=\"http:\/\/msftdbprodsamples.codeplex.com\/releases\/view\/55926\" target=\"_blank\" rel=\"noopener noreferrer\"><b>Download &#8211;<\/b><\/a> Atualizado dia 10\/12\/2012 &#8211; Adventure Works 2008 R2 SR1<\/li>\n<\/ul>\n<p>&nbsp;<\/p>\n<p><b>No mais, <a href=\"http:\/\/www.google.com\/\" target=\"_blank\" rel=\"noopener noreferrer\"><b>www.google.com<\/b><\/a>. Material de TI \u00e9 o que n\u00e3o falta na Internet!!!<\/b><\/p>\n<p><b>OBS:<\/b> Sei que existem muito mais recursos dispon\u00edveis na internet. Se quiserem compartilhar nos coment\u00e1rios, ser\u00e1 de grande valor para todos!<br \/>\n<b>Gostou dessas dicas?<\/b><\/p>\n<p>Assine meu canal no <a href=\"https:\/\/www.youtube.com\/channel\/UCeBRAO_LLrUdSrOXIywjzRA\" target=\"_blank\" rel=\"noopener noreferrer\">Youtube<\/a> e curta minha p\u00e1gina no <a class=\"external-link wpel-icon-left\" href=\"https:\/\/www.facebook.com\/FabricioLimaSolucoesemBancodeDados\/\" target=\"_blank\" rel=\"nofollow external noopener noreferrer\" data-wpel-link=\"external\">Facebook<\/a> para receber Dicas de Leituras, V\u00eddeos e Eventos sobre SQL Server.<\/p>\n<p>Abra\u00e7o e bons estudos,<\/p>\n<p>Fabr\u00edcio Lima<\/p>\n<p>Consultor e Instrutor SQL Server<\/p>\n<p>Trabalha com SQL Server desde 2006<\/p>\n","protected":false},"excerpt":{"rendered":"<p>Nesta p\u00e1gina deixarei links de diversos tipos de downloads relacionados ao SQL Server. OBS1: Fique a vontade para informar outros links nos coment\u00e1rios. \u00daltima Atualiza\u00e7\u00e3o: 06\/10\/2017 &nbsp; Free E-Books sobre SQL Server para Download Segue abaixo o link de um post que atualizo frequentemente com diversos E-Books Gratuitos: https:\/\/www.fabriciolima.net\/blog\/2010\/12\/03\/free-ebooks-sobre-sql-server-para-download\/ Materiais para Certifica\u00e7\u00e3o Segue abaixo o [&hellip;]<\/p>\n","protected":false},"author":1,"featured_media":0,"parent":1716,"menu_order":0,"comment_status":"open","ping_status":"closed","template":"","meta":{"_exactmetrics_skip_tracking":false,"_exactmetrics_sitenote_active":false,"_exactmetrics_sitenote_note":"","_exactmetrics_sitenote_category":0,"_uf_show_specific_survey":0,"_uf_disable_surveys":false,"jetpack_post_was_ever_published":false,"footnotes":""},"jetpack_sharing_enabled":true,"jetpack-related-posts":[],"jetpack_likes_enabled":true,"jetpack_shortlink":"https:\/\/wp.me\/P7v2hY-6J","_links":{"self":[{"href":"https:\/\/fabriciolima.net\/blog\/wp-json\/wp\/v2\/pages\/417"}],"collection":[{"href":"https:\/\/fabriciolima.net\/blog\/wp-json\/wp\/v2\/pages"}],"about":[{"href":"https:\/\/fabriciolima.net\/blog\/wp-json\/wp\/v2\/types\/page"}],"author":[{"embeddable":true,"href":"https:\/\/fabriciolima.net\/blog\/wp-json\/wp\/v2\/users\/1"}],"replies":[{"embeddable":true,"href":"https:\/\/fabriciolima.net\/blog\/wp-json\/wp\/v2\/comments?post=417"}],"version-history":[{"count":0,"href":"https:\/\/fabriciolima.net\/blog\/wp-json\/wp\/v2\/pages\/417\/revisions"}],"up":[{"embeddable":true,"href":"https:\/\/fabriciolima.net\/blog\/wp-json\/wp\/v2\/pages\/1716"}],"wp:attachment":[{"href":"https:\/\/fabriciolima.net\/blog\/wp-json\/wp\/v2\/media?parent=417"}],"curies":[{"name":"wp","href":"https:\/\/api.w.org\/{rel}","templated":true}]}}