{"id":394,"date":"2011-01-31T23:34:03","date_gmt":"2011-02-01T01:34:03","guid":{"rendered":"http:\/\/fabriciolima.net\/blog\/"},"modified":"2017-06-12T11:10:29","modified_gmt":"2017-06-12T14:10:29","slug":"materiais-para-estudo","status":"publish","type":"page","link":"https:\/\/fabriciolima.net\/blog\/sql-server\/materiais-para-estudo\/","title":{"rendered":"Materiais para Estudo"},"content":{"rendered":"<p>Fala Pessoal,<\/p>\n<p>Segue abaixo uma s\u00e9rie de <b>Materiais para Estudo Gratuitos<\/b> para que voc\u00eas possam aumentar seus conhecimentos sobre SQL Server.<\/p>\n<h6><span style=\"color: #ff0000;\"><strong><span style=\"font-size: x-large;\">\u00daltima Atualiza\u00e7\u00e3o: 12\/06\/2017<\/span><\/strong><\/span><\/h6>\n<p>&nbsp;<\/p>\n<h6>Free E-Books sobre SQL Server para Download<\/h6>\n<ul>\n<li>Segue abaixo o link de um post que <b>atualizo frequentemente<\/b> com diversos <b>E-Books Gratuitos<\/b>:<\/li>\n<\/ul>\n<p><a href=\"https:\/\/www.fabriciolima.net\/blog\/2010\/12\/03\/free-ebooks-sobre-sql-server-para-download\/\" target=\"_blank\">https:\/\/www.fabriciolima.net\/blog\/2010\/12\/03\/free-ebooks-sobre-sql-server-para-download\/<\/a><\/p>\n<h6>Materiais para Certifica\u00e7\u00e3o<\/h6>\n<ul>\n<li>Segue abaixo o link de um post que <b>atualizo frequentemente<\/b> com diversos <b>Materiais para Certifica\u00e7\u00e3o<\/b>:<\/li>\n<\/ul>\n<p><a href=\"https:\/\/www.fabriciolima.net\/sql-server\/materiais-certificacao\/\" target=\"_blank\">https:\/\/www.fabriciolima.net\/sql-server\/materiais-certificacao\/<\/a><\/p>\n<h6>Todos os Posts<\/h6>\n<ul>\n<li>Segue abaixo um link que <b>atualizo frequentemente<\/b> com uma lista de <b>todos os posts publicados nesse Blog. Aproveitem!!!<\/b><\/li>\n<\/ul>\n<p><a href=\"https:\/\/www.fabriciolima.net\/blog\/arquivo\/\" target=\"_blank\">https:\/\/www.fabriciolima.net\/blog\/arquivo\/<\/a><br \/>\n&nbsp;<\/p>\n<h5>Cursos ONLINE gratuitos<\/h5>\n<ul>\n<li><b>Fabr\u00edcio Lima &#8211; Treinamento de Tarefas do Dia a Dia de um DBA<\/b><\/li>\n<\/ul>\n<p>Atualizado dia 30\/05\/2017 &#8211; <a href=\"https:\/\/www.fabriciolima.net\/blog\/2017\/05\/14\/mudancas-no-treinamento-de-tarefas-do-dia-a-dia-de-um-dba\/\" target=\"_blank\">https:\/\/www.fabriciolima.net\/blog\/2017\/05\/14\/mudancas-no-treinamento-de-tarefas-do-dia-a-dia-de-um-dba\/<\/a><\/p>\n<ul>\n<li><b>Microsoft Learning &#8211; Azure Training Courses<\/b><\/li>\n<\/ul>\n<p>Atualizado dia 03\/04\/2017 &#8211; <a href=\"https:\/\/www.microsoft.com\/en-us\/learning\/azure-skills-training.aspx\" target=\"_blank\">https:\/\/www.microsoft.com\/en-us\/learning\/azure-skills-training.aspx<\/a><\/p>\n<ul>\n<li><b>Transaction Log Internals &#8211; Luciano Moreira (Luti)<\/b><\/li>\n<\/ul>\n<p>Atualizado dia 05\/05\/2017 &#8211; <a href=\"http:\/\/luticm.blogspot.com.br\/2017\/05\/transaction-log-internals-publicado.html\" target=\"_blank\">http:\/\/luticm.blogspot.com.br\/2017\/05\/transaction-log-internals-publicado.html<\/a><\/p>\n<ul>\n<li><b>Treinamentos On-demand &#8211; Fabiano Amorim<\/b><\/li>\n<\/ul>\n<p>Atualizado dia 31\/01\/2017 &#8211; <a href=\"https:\/\/blogfabiano.com\/2017\/01\/31\/on-demand-virou-dominio-publico\/\" target=\"_blank\">https:\/\/blogfabiano.com\/2017\/01\/31\/on-demand-virou-dominio-publico\/<\/a><\/p>\n<ul>\n<li><b>MVA (Microsoft Virtual Academy) &#8211; (Portugu\u00eas e Ingl\u00eas):<\/b><\/li>\n<\/ul>\n<p>Atualizado dia 20\/09\/2016 &#8211; <a href=\"https:\/\/mva.microsoft.com\/\" target=\"_blank\">https:\/\/mva.microsoft.com\/<\/a><\/p>\n<ul>\n<li><b>CEDERJ (Portugu\u00eas) &#8211; <\/b> (Redes de Computadores, Programa\u00e7\u00e3o, Banco de Dados e etc):<\/li>\n<\/ul>\n<p>Atualizado dia 24\/10\/2016 &#8211; <a href=\"http:\/\/www.cederj.edu.br\/videoaulas\/\" target=\"_blank\">http:\/\/www.cederj.edu.br\/videoaulas\/<\/a><\/p>\n<ul>\n<li><b>DELL (Portugu\u00eas) &#8211;<\/b> (Cloud Computing, Virtualiza\u00e7\u00e3o, Hyper-V, Backup and Recovery, Gerenciamento de Sistemas e etc):<\/li>\n<\/ul>\n<p>Atualizado dia 24\/10\/2016 &#8211; <a href=\"http:\/\/www.delltrainingcentre.com\/Main\/Home\/Home.aspx\" target=\"_blank\">http:\/\/www.delltrainingcentre.com\/Main\/Home\/Home.aspx<\/a><\/p>\n<ul>\n<li><b>Funda\u00e7\u00e3o Bradesco (Portugu\u00eas) &#8211; <\/b> (Fundamentos do COBIT, Fundamentos de Governan\u00e7a de TI, BSC, BPM, Gest\u00e3o de Projetos, ITIL, Fundamentos de Rede, Seguran\u00e7a da Informa\u00e7\u00e3o e etc):<\/li>\n<\/ul>\n<p>Atualizado dia 24\/10\/2016 &#8211; <a href=\"http:\/\/www.ev.org.br\/Cursos\/Paginas\/Online.aspx\" target=\"_blank\">http:\/\/www.ev.org.br\/Cursos\/Paginas\/Online.aspx<\/a><\/p>\n<h6>Business Intelligence<\/h6>\n<ul>\n<li><b>Dem\u00e9trio Silva &#8211; Curso Gratuito Power BI:<\/b><\/li>\n<\/ul>\n<p>Atualizado dia 25\/09\/2016 &#8211; <a href=\"https:\/\/demetriosilva.wordpress.com\/2016\/04\/18\/power-bi-curso-gratuito\/\" target=\"_blank\">https:\/\/demetriosilva.wordpress.com\/2016\/04\/18\/power-bi-curso-gratuito\/<\/a><\/p>\n<ul>\n<li><b>Diego Nogare &#8211; Mini-Curso de Introduc\u00e3o \u00e0 Big Data e Data Science:<\/b><\/li>\n<\/ul>\n<p>Atualizado dia 27\/09\/2016 &#8211; <a href=\"https:\/\/www.youtube.com\/playlist?list=PLrakQQfctUYUDaEsft9avwjbvemIEwiRQ\" target=\"_blank\">https:\/\/www.youtube.com\/playlist?list=PLrakQQfctUYUDaEsft9avwjbvemIEwiRQ<\/a><\/p>\n<p>&nbsp;<\/p>\n<h5>V\u00eddeos sobre SQL Server<\/h5>\n<ul>\n<li><b>Channel 9 &#8211; (Ingl\u00eas):<\/b><\/li>\n<\/ul>\n<p>Atualizado dia 20\/09\/2016 &#8211; <a href=\"https:\/\/channel9.msdn.com\/\" target=\"_blank\">https:\/\/channel9.msdn.com\/<\/a><\/p>\n<ul>\n<li><b>Microsoft Ignite &#8211; (Ingl\u00eas):<\/b><\/li>\n<\/ul>\n<p>Atualizado dia 04\/10\/2016 &#8211; <a href=\"https:\/\/myignite.microsoft.com\/videos\" target=\"_blank\">https:\/\/myignite.microsoft.com\/videos<\/a><br \/>\n&nbsp;<\/p>\n<h6>V\u00eddeos YouTube<\/h6>\n<p>Segue abaixo v\u00e1rios v\u00eddeos do YouTube de diversos profissionais que trabalham com SQL Server, al\u00e9m de diversas Playlists com assuntos espec\u00edficos:<\/p>\n<ul>\n<li><b>Fabr\u00edcio Lima:<\/b><\/li>\n<\/ul>\n<p>Atualizado dia 30\/01\/2017 &#8211; <a href=\"https:\/\/www.youtube.com\/channel\/UCeBRAO_LLrUdSrOXIywjzRA\" target=\"_blank\">https:\/\/www.youtube.com\/channel\/UCeBRAO_LLrUdSrOXIywjzRA<\/a><\/p>\n<ul>\n<li><b>PASS Portuguese Virtual Group:<\/b><\/li>\n<\/ul>\n<p>Atualizado dia 12\/06\/2017 &#8211; <a href=\"https:\/\/www.youtube.com\/channel\/UCNx8fg2Vot1-yIk3L8wOGiA\" target=\"_blank\">https:\/\/www.youtube.com\/channel\/UCNx8fg2Vot1-yIk3L8wOGiA<\/a><\/p>\n<ul>\n<li><b>Brent Ozar &#8211; (Ingl\u00eas):<\/b><\/li>\n<\/ul>\n<p>Atualizado dia 28\/09\/2016 &#8211; <a href=\"https:\/\/www.youtube.com\/user\/BrentOzar\/videos\" target=\"_blank\">https:\/\/www.youtube.com\/user\/BrentOzar\/videos<\/a><\/p>\n<ul>\n<li><b>Gustavo Maia:<\/b><\/li>\n<\/ul>\n<p>Atualizado dia 28\/09\/2016 &#8211; <a href=\"https:\/\/www.youtube.com\/user\/gmasql\/videos\" target=\"_blank\">https:\/\/www.youtube.com\/user\/gmasql\/videos<\/a><\/p>\n<ul>\n<li><b>Luciano Moreira (Luti):<\/b><\/li>\n<\/ul>\n<p>Atualizado dia 28\/09\/2016 &#8211; <a href=\"https:\/\/www.youtube.com\/user\/srLuticm79\/videos\" target=\"_blank\">https:\/\/www.youtube.com\/user\/srLuticm79\/videos<\/a><\/p>\n<ul>\n<li><b>SQL Crespi:<\/b><\/li>\n<\/ul>\n<p>Atualizado dia 01\/03\/2017 &#8211; <a href=\"https:\/\/www.youtube.com\/channel\/UCepzzgUQ27UNcg1D-X59cFg\/videos\" target=\"_blank\">https:\/\/www.youtube.com\/channel\/UCepzzgUQ27UNcg1D-X59cFg\/videos<\/a><\/p>\n<ul>\n<li><b>Vitor Fava:<\/b><\/li>\n<\/ul>\n<p>Atualizado dia 28\/09\/2016 &#8211; <a href=\"https:\/\/www.youtube.com\/user\/vitortff\/videos\" target=\"_blank\">https:\/\/www.youtube.com\/user\/vitortff\/videos<\/a><br \/>\n&nbsp;<\/p>\n<h6>V\u00eddeos YouTube &#8211; Assuntos Espec\u00edficos<\/h6>\n<ul>\n<li><b>Carreira:<\/b><\/li>\n<\/ul>\n<p>Atualizado dia 06\/03\/2017 &#8211; <a href=\"https:\/\/www.youtube.com\/watch?v=2rbT9QrUzEs&amp;index=1&amp;list=PLrakQQfctUYXX3a_aavBfp8B6SRQzI1L4&amp;t=3s\" target=\"_blank\">Vitor Fava &#8211; Codificando Live &#8211; Edi\u00e7\u00e3o #52 &#8211; Quer ser um excelente DBA? pergunte-me como!<\/a><\/p>\n<p>Atualizado dia 13\/03\/2017 &#8211; <a href=\"https:\/\/www.youtube.com\/watch?v=sK5UwEw72eA&#038;t=1s&#038;list=WL&#038;index=2\" target=\"_blank\"> Marcus Vinicius Bittencourt &#8211; Codificando Live &#8211; Edi\u00e7\u00e3o #32 &#8211; DBA Por Acidente<\/a><\/p>\n<ul>\n<li><b>Mem\u00f3ria:<\/b><\/li>\n<\/ul>\n<p>Atualizado dia 13\/03\/2017 &#8211; <a href=\"https:\/\/www.youtube.com\/watch?v=jKZznwivx2U&#038;t=1s\" target=\"_blank\">Fabr\u00edcio Lima &#8211; Por que meu SQL Server usa tanta mem\u00f3ria!?<\/a><\/p>\n<ul>\n<li><b>Transaction Isolation Level:<\/b><\/li>\n<\/ul>\n<p>Atualizado dia 16\/03\/2017 &#8211; <a href=\"https:\/\/www.youtube.com\/watch?v=r-2nkghmxQE&#038;list=WL&#038;index=2\" target=\"_blank\">Diego Nogare &#8211; Codificando Live &#8211; Edi\u00e7\u00e3o #46 &#8211; Transaction Isolation Level no SQL Server<\/a><\/p>\n<ul>\n<li><b>Concorr\u00eancia de Dados:<\/b><\/li>\n<\/ul>\n<p>Atualizado dia 16\/03\/2017 &#8211; <a href=\"https:\/\/www.youtube.com\/playlist?list=PL70D92D06E08E6653\" target=\"_blank\">Gustavo Maia &#8211; Concorr\u00eancia de Dados<\/a><\/p>\n<ul>\n<li><b>Tuning:<\/b><\/li>\n<\/ul>\n<p>Atualizado dia 16\/03\/2017 &#8211; <a href=\"https:\/\/www.youtube.com\/playlist?list=PLFEA732AFD4C744E5\" target=\"_blank\">Gustavo Maia &#8211; Treinamento &#8211; SQL Server para desenvolvedores (Indexa\u00e7\u00e3o)<\/a><\/p>\n<ul>\n<li><b>T-SQL Querying:<\/b><\/li>\n<\/ul>\n<p>Atualizado dia 16\/03\/2017 &#8211; <a href=\"https:\/\/www.youtube.com\/playlist?list=PL4925560796FD03D6\" target=\"_blank\">Gustavo Maia &#8211; Erros comuns na elabora\u00e7\u00e3o de c\u00f3digo T-SQL<\/a><\/p>\n<ul>\n<li><b>Powershell:<\/b><\/li>\n<\/ul>\n<p>Atualizado dia 16\/03\/2017 &#8211; <a href=\"https:\/\/www.youtube.com\/playlist?list=PLVbH9e_ughdyZULo3FoCbtFe702qF_5fl\" target=\"_blank\">SQLCrespi &#8211; Powershell Para DBAs SQL Server<\/a><\/p>\n<p>&nbsp;<\/p>\n<h5>Microsoft Virtual Labs<\/h5>\n<p>Segue abaixo um link onde a Microsoft disponibiliza alguns ambientes para testar as features do SQL Server:<\/p>\n<p>Atualizado dia 20\/09\/2016 &#8211; <a href=\"https:\/\/www.microsoft.com\/en-us\/cloud-platform\/virtual-labs\">https:\/\/www.microsoft.com\/en-us\/cloud-platform\/virtual-labs<\/a>.<br \/>\n&nbsp;<\/p>\n<h5>Podcast<\/h5>\n<ul>\n<li><b>DatabaseCast &#8211; (Portugu\u00eas):<\/b> Podcast sobre Banco de Dados (Excelente!!! Recomendo fortemente!)<\/li>\n<\/ul>\n<p>Atualizado dia 28\/09\/2016 &#8211; <a href=\"http:\/\/databasecast.com.br\/\">http:\/\/databasecast.com.br\/<\/a><\/p>\n<p>Atualizado dia 13\/03\/2017 &#8211; <a class=\"external-link wpel-icon-left\" href=\"https:\/\/www.fabriciolima.net\/blog\/2017\/03\/10\/podcast-databasecast-76-manutencao-de-banco-de-dados\/\" target=\"_blank\" rel=\"external noopener noreferrer nofollow\" data-wpel-link=\"external\">Fabr\u00edcio Lima &#8211; Podcast DatabaseCast 76: Manuten\u00e7\u00e3o de Banco de Dados<\/a><br \/>\n&nbsp;<\/p>\n<h5>F\u00f3runs SQL Server<\/h5>\n<p>Acredito que uma das melhores formas de\u00a0aprendizado\u00a0s\u00e3o\u00a0nos f\u00f3runs, pois aprendemos com problemas reais\u00a0que acontecem em\u00a0ambientes\u00a0distintos por todo o pa\u00eds.<\/p>\n<ul>\n<li><b>F\u00f3rum do\u00a0TechNet &#8211; (Portugu\u00eas)<\/b><\/li>\n<\/ul>\n<p>Atualizado dia 20\/09\/2016 &#8211; <a title=\"F\u00f3rum TechNet\" href=\"http:\/\/social.technet.microsoft.com\/Forums\/pt-BR\/category\/sqlserver\" target=\"_blank\">http:\/\/social.technet.microsoft.com\/Forums\/pt-BR\/category\/sqlserver<\/a><\/p>\n<ul>\n<li><b>F\u00f3rum do\u00a0MSDN &#8211; (Ingl\u00eas)<\/b><\/li>\n<\/ul>\n<p>Atualizado dia 02\/03\/2017 &#8211; <a title=\"F\u00f3rum TechNet\" href=\"https:\/\/social.msdn.microsoft.com\/Forums\/sqlserver\/en-US\/home?category=sqlserver\" target=\"_blank\">https:\/\/social.msdn.microsoft.com\/Forums\/sqlserver\/en-US\/home?category=sqlserver<\/a><\/p>\n<ul>\n<li><b>F\u00f3rum SQL ServerCentral.com &#8211; (Ingl\u00eas)<\/b><\/li>\n<\/ul>\n<p>Atualizado dia 02\/03\/2017 &#8211; <a title=\"F\u00f3rum TechNet\" href=\"https:\/\/www.sqlservercentral.com\/forums\/\" target=\"_blank\">https:\/\/www.sqlservercentral.com\/forums\/<\/a><\/p>\n<ul>\n<li><b>F\u00f3rum SQLTeam.com &#8211; (Ingl\u00eas)<\/b><\/li>\n<\/ul>\n<p>Atualizado dia 02\/03\/2017 &#8211; <a title=\"F\u00f3rum TechNet\" href=\"http:\/\/forums.sqlteam.com\/\" target=\"_blank\">http:\/\/forums.sqlteam.com\/<\/a><br \/>\n&nbsp;<\/p>\n<h5>Blogs<\/h5>\n<p><b>Dica:<\/b> Utilizar o <a href=\"https:\/\/www.fabriciolima.net\/blog\/2013\/04\/15\/off-topic-goodbye-google-reader-and-welcome-feedly\/\"><b>Feedly<\/b><\/a> ou softwares semelhantes para te avisar quando algu\u00e9m posta algo novo nesses sites e blogs. Dessa forma, voc\u00ea n\u00e3o precisa ficar abrindo os sites diariamente em busca de novos conte\u00fados.<\/p>\n<ul>\n<li><b>Blogs SQL ServerCentral.com &#8211; (Ingl\u00eas)<\/b><\/li>\n<\/ul>\n<p>Atualizado dia 02\/03\/2017 &#8211; <a title=\"F\u00f3rum TechNet\" href=\"http:\/\/www.sqlservercentral.com\/blogs\/\" target=\"_blank\">http:\/\/www.sqlservercentral.com\/blogs\/<\/a><br \/>\n&nbsp;<\/p>\n<h6>SQL Server em Portugu\u00eas &#8211; VIRTUAL PASS PT:<\/h6>\n<p>Esse site \u00e9 um agregador de blogs sobre SQL Server dos maiores profissionais do pa\u00eds. Toda vez que algu\u00e9m cadastrado publica um post em seu Blog pessoal, ele automaticamente vai para esse site:<\/p>\n<ul>\n<li>Atualizado dia 24\/10\/2016 &#8211; <a href=\"http:\/\/www.virtualpass.com.br\/\" target=\"_blank\">http:\/\/www.virtualpass.com.br\/<\/a><\/li>\n<\/ul>\n<p>&nbsp;<\/p>\n<h5>Sites<\/h5>\n<h6>Desenvolvimento:<\/h6>\n<ul>\n<li>Atualizado dia 24\/10\/2016 &#8211; <a href=\"http:\/\/imasters.com.br\/\" target=\"_blank\">http:\/\/imasters.com.br\/<\/a><\/li>\n<li>Atualizado dia 24\/10\/2016 &#8211; <a href=\"http:\/\/www.linhadecodigo.com.br\/\" target=\"_blank\">http:\/\/www.linhadecodigo.com.br\/<\/a><\/li>\n<li>Atualizado dia 24\/10\/2016 &#8211; <a href=\"http:\/\/www.devmedia.com.br\/\" target=\"_blank\">http:\/\/www.devmedia.com.br\/<\/a><\/li>\n<li>Atualizado dia 24\/10\/2016 &#8211; <a href=\"http:\/\/msdn.microsoft.com\/pt-br\/\" target=\"_blank\">http:\/\/msdn.microsoft.com\/pt-br\/<\/a><\/li>\n<\/ul>\n<p>&nbsp;<\/p>\n<h6>SQL Server em ingl\u00eas:<\/h6>\n<ul>\n<li>Atualizado dia 24\/10\/2016 &#8211; <a href=\"http:\/\/www.sqlservercentral.com\/\" target=\"_blank\">http:\/\/www.sqlservercentral.com\/<\/a><\/li>\n<li>Atualizado dia 24\/10\/2016 &#8211; <a href=\"https:\/\/www.simple-talk.com\/sql\/\" target=\"_blank\">https:\/\/www.simple-talk.com\/sql\/<\/a><\/li>\n<li>Atualizado dia 24\/10\/2016 &#8211; <a href=\"http:\/\/www.mssqltips.com\/\" target=\"_blank\">http:\/\/www.mssqltips.com\/<\/a><\/li>\n<li>Atualizado dia 24\/10\/2016 &#8211; <a href=\"http:\/\/www.sql-server-performance.com\/\" target=\"_blank\">http:\/\/www.sql-server-performance.com\/<\/a><\/li>\n<li>Atualizado dia 24\/10\/2016 &#8211; <a href=\"http:\/\/www.sqlskills.com\/\" target=\"_blank\">http:\/\/www.sqlskills.com\/<\/a><\/li>\n<li>Atualizado dia 24\/10\/2016 &#8211; <a href=\"http:\/\/www.brentozar.com\/\" target=\"_blank\">http:\/\/www.brentozar.com\/<\/a><\/li>\n<\/ul>\n<p>&nbsp;<\/p>\n<h6>Governan\u00e7a de TI:<\/h6>\n<ul>\n<li>Atualizado dia 24\/10\/2016 &#8211; <a href=\"http:\/\/www.tiespecialistas.com.br\/\" target=\"_blank\"> http:\/\/www.tiespecialistas.com.br\/<\/a><\/li>\n<li>Atualizado dia 24\/10\/2016 &#8211; <a href=\"http:\/\/www.portalgsti.com.br\/\" target=\"_blank\"> http:\/\/www.portalgsti.com.br\/<\/a><\/li>\n<li>Atualizado dia 24\/10\/2016 &#8211; <a href=\"http:\/\/www.profissionaisti.com.br\/\" target=\"_blank\"> http:\/\/www.profissionaisti.com.br\/<\/a><\/li>\n<\/ul>\n<p>&nbsp;<\/p>\n<h6>Infraestrutura:<\/h6>\n<ul>\n<li>Atualizado dia 24\/10\/2016 &#8211; <a href=\"http:\/\/www.fabiohara.com.br\/\" target=\"_blank\"> http:\/\/www.fabiohara.com.br\/<\/a><\/li>\n<li>Atualizado dia 24\/10\/2016 &#8211; <a href=\"http:\/\/blogs.technet.com\/b\/dbordini\/\" target=\"_blank\"> http:\/\/blogs.technet.com\/b\/dbordini\/<\/a><\/li>\n<li>Atualizado dia 24\/10\/2016 &#8211; <a href=\"http:\/\/technet.microsoft.com\/pt-br\/\" target=\"_blank\"> http:\/\/technet.microsoft.com\/pt-br\/<\/a><\/li>\n<\/ul>\n<p>&nbsp;<\/p>\n<h6>Ingl\u00eas:<\/h6>\n<p>Sites com dicas di\u00e1rias sobre Ingl\u00eas para nos manter em contato com outra l\u00edngua diariamente:<\/p>\n<ul>\n<li>Atualizado dia 24\/10\/2016 &#8211; <a href=\"http:\/\/inglesparaleigos.com\/\" target=\"_blank\">http:\/\/inglesparaleigos.com\/<\/a><\/li>\n<li>Atualizado dia 24\/10\/2016 &#8211; <a href=\"http:\/\/www.inglesonline.com.br\/\" target=\"_blank\">http:\/\/www.inglesonline.com.br\/<\/a><\/li>\n<li>Atualizado dia 24\/10\/2016 &#8211; <a href=\"http:\/\/www.englishexperts.com.br\/\" target=\"_blank\">http:\/\/www.englishexperts.com.br\/<\/a><\/li>\n<li>Atualizado dia 24\/10\/2016 &#8211; <a href=\"http:\/\/www.inglesnapontadalingua.com.br\/\" target=\"_blank\">http:\/\/www.inglesnapontadalingua.com.br\/<\/a><\/li>\n<\/ul>\n<p>&nbsp;<\/p>\n<p><b>No mais, <a href=\"http:\/\/www.google.com\/\" target=\"_blank\"><b>www.google.com<\/b><\/a>. Material de TI \u00e9 o que n\u00e3o falta na Internet!!!<\/b><\/p>\n<p><b>OBS:<\/b> Sei que existem muito mais recursos dispon\u00edveis na internet. Se quiserem compartilhar nos coment\u00e1rios, ser\u00e1 de grande valor para todos!<br \/>\n&nbsp;<\/p>\n<p><b>Gostou dessas dicas?<\/b><\/p>\n<p>Assine meu canal no <a href=\"https:\/\/www.youtube.com\/channel\/UCeBRAO_LLrUdSrOXIywjzRA\" target=\"_blank\">Youtube<\/a> e curta minha p\u00e1gina no <a class=\"external-link wpel-icon-left\" href=\"https:\/\/www.facebook.com\/FabricioLimaSolucoesemBancodeDados\/\" target=\"_blank\" rel=\"nofollow external noopener noreferrer\" data-wpel-link=\"external\">Facebook<\/a> para receber Dicas de Leituras, V\u00eddeos e Eventos sobre SQL Server.<\/p>\n<p>Abra\u00e7o e bons estudos,<\/p>\n<p>Fabr\u00edcio Lima<\/p>\n<p>Consultor e Instrutor SQL Server<\/p>\n<p>Trabalha com SQL Server desde 2006<\/p>\n","protected":false},"excerpt":{"rendered":"<p>Fala Pessoal, Segue abaixo uma s\u00e9rie de Materiais para Estudo Gratuitos para que voc\u00eas possam aumentar seus conhecimentos sobre SQL Server. \u00daltima Atualiza\u00e7\u00e3o: 12\/06\/2017 &nbsp; Free E-Books sobre SQL Server para Download Segue abaixo o link de um post que atualizo frequentemente com diversos E-Books Gratuitos: https:\/\/www.fabriciolima.net\/blog\/2010\/12\/03\/free-ebooks-sobre-sql-server-para-download\/ Materiais para Certifica\u00e7\u00e3o Segue abaixo o link de [&hellip;]<\/p>\n","protected":false},"author":1,"featured_media":0,"parent":1716,"menu_order":0,"comment_status":"open","ping_status":"closed","template":"","meta":{"_exactmetrics_skip_tracking":false,"_exactmetrics_sitenote_active":false,"_exactmetrics_sitenote_note":"","_exactmetrics_sitenote_category":0,"_uf_show_specific_survey":0,"_uf_disable_surveys":false,"jetpack_post_was_ever_published":false,"footnotes":""},"jetpack_sharing_enabled":true,"jetpack-related-posts":[],"jetpack_likes_enabled":true,"jetpack_shortlink":"https:\/\/wp.me\/P7v2hY-6m","_links":{"self":[{"href":"https:\/\/fabriciolima.net\/blog\/wp-json\/wp\/v2\/pages\/394"}],"collection":[{"href":"https:\/\/fabriciolima.net\/blog\/wp-json\/wp\/v2\/pages"}],"about":[{"href":"https:\/\/fabriciolima.net\/blog\/wp-json\/wp\/v2\/types\/page"}],"author":[{"embeddable":true,"href":"https:\/\/fabriciolima.net\/blog\/wp-json\/wp\/v2\/users\/1"}],"replies":[{"embeddable":true,"href":"https:\/\/fabriciolima.net\/blog\/wp-json\/wp\/v2\/comments?post=394"}],"version-history":[{"count":0,"href":"https:\/\/fabriciolima.net\/blog\/wp-json\/wp\/v2\/pages\/394\/revisions"}],"up":[{"embeddable":true,"href":"https:\/\/fabriciolima.net\/blog\/wp-json\/wp\/v2\/pages\/1716"}],"wp:attachment":[{"href":"https:\/\/fabriciolima.net\/blog\/wp-json\/wp\/v2\/media?parent=394"}],"curies":[{"name":"wp","href":"https:\/\/api.w.org\/{rel}","templated":true}]}}