{"id":3244,"date":"2015-02-12T16:34:32","date_gmt":"2015-02-12T18:34:32","guid":{"rendered":"http:\/\/www.fabriciolima.net\/blog\/?page_id=3244"},"modified":"2020-05-26T11:03:18","modified_gmt":"2020-05-26T14:03:18","slug":"treinamento-tarefas-do-dia-a-dia-de-um-dba-online","status":"publish","type":"page","link":"https:\/\/fabriciolima.net\/blog\/cursos-online\/treinamento-tarefas-do-dia-a-dia-de-um-dba-online\/","title":{"rendered":"Tarefas do Dia a Dia de um DBA &#8211; Ao Vivo ou na Udemy"},"content":{"rendered":"<p><img decoding=\"async\" class=\"size-full wp-image-9020 aligncenter\" src=\"https:\/\/www.fabriciolima.net\/blog\/wp-content\/uploads\/2018\/05\/banner-treinamentos2.jpg\" alt=\"\" width=\"852\" height=\"315\" srcset=\"https:\/\/fabriciolima.net\/blog\/wp-content\/uploads\/2018\/05\/banner-treinamentos2.jpg 852w, https:\/\/fabriciolima.net\/blog\/wp-content\/uploads\/2018\/05\/banner-treinamentos2-300x111.jpg 300w, https:\/\/fabriciolima.net\/blog\/wp-content\/uploads\/2018\/05\/banner-treinamentos2-768x284.jpg 768w, https:\/\/fabriciolima.net\/blog\/wp-content\/uploads\/2018\/05\/banner-treinamentos2-700x259.jpg 700w, https:\/\/fabriciolima.net\/blog\/wp-content\/uploads\/2018\/05\/banner-treinamentos2-410x152.jpg 410w, https:\/\/fabriciolima.net\/blog\/wp-content\/uploads\/2018\/05\/banner-treinamentos2-100x37.jpg 100w, https:\/\/fabriciolima.net\/blog\/wp-content\/uploads\/2018\/05\/banner-treinamentos2-275x102.jpg 275w, https:\/\/fabriciolima.net\/blog\/wp-content\/uploads\/2018\/05\/banner-treinamentos2-20x7.jpg 20w\" sizes=\"(max-width: 852px) 100vw, 852px\" \/><\/p>\n<p>&nbsp;<\/p>\n<p>Esse treinamento foi sucesso de p\u00fablico quando ministrado de forma AO VIVO para mais de 200 alunos. Quando parei de ministrar ao vivo, coloquei a grava\u00e7\u00e3o de uma turma na udemy e tamb\u00e9m foi sucesso, sendo realizado por mais de 100 alunos.<\/p>\n<p>Atendendo a pedidos, trouxe a grava\u00e7\u00e3o desse curso para a nossa plataforma de Treinamentos por um valor bem mais barato do que est\u00e1 na Udemy.<\/p>\n<p>S\u00e3o 18 horas de v\u00eddeos e o m\u00f3dulo de Tuning \u00e9 imperd\u00edvel&#8230; wow!!!<\/p>\n<p>Se voc\u00ea \u00e9 respons\u00e1vel por um ambiente SQL Server, seja voc\u00ea um Desenvolvedor, Analista de BI, Analista de Infra ou DBA que est\u00e1 come\u00e7ando, esse curso vai te ajudar MUITO, pois ele vai direto ao ponto com rotinas prontas para usar no dia a dia e experi\u00eancias do dia a dia que compartilho com os alunos.<\/p>\n<p>Corre l\u00e1 e n\u00e3o deixa de indicar aos amigos que precisam aprender os conceitos de DBA para cuidar de um BD SQL Server:<br \/>\n<a href=\"https:\/\/cursos.fabriciolima.net\/course?courseid=tarefas-do-dia-a-dia-de-um-dba\" target=\"_blank\" rel=\"noopener noreferrer\">https:\/\/cursos.fabriciolima.net\/course?courseid=tarefas-do-dia-a-dia-de-um-dba<\/a><\/p>\n<p>Uma vez adquirido o curso, <strong>voc\u00ea tem acesso aos v\u00eddeos por 2 anos.<\/strong><\/p>\n<p>O Treinamento disponibilizado \u00e9 a grava\u00e7\u00e3o de uma das turmas ao vivo, ou seja, a did\u00e1tica e o conte\u00fado s\u00e3o exatamente iguais ao curso ao vivo.<\/p>\n<p>No fim desse post tem o conte\u00fado detalhado do Treinamento, mas segue aqui os m\u00f3dulos que temos:<\/p>\n<ul>\n<li><strong>Modulo 01: Instala\u00e7\u00e3o e configura\u00e7\u00e3o do SQL Server\u00a0<\/strong><\/li>\n<\/ul>\n<ul>\n<li><strong>Modulo 02: Gerenciamento de Acessos no SQL Server (FREE)<\/strong><\/li>\n<\/ul>\n<ul>\n<li><strong>Modulo 03: Diversas Tarefas do Dia a Dia\u00a0<\/strong><\/li>\n<\/ul>\n<ul>\n<li><strong>Modulo 04: Backup e Restore\u00a0<\/strong><\/li>\n<\/ul>\n<ul>\n<li><strong>Modulo 05: SQL Agent\u00a0<\/strong><\/li>\n<\/ul>\n<ul>\n<li><strong>Modulo 06: Tuning (Imperd\u00edvel!!!)<\/strong><\/li>\n<\/ul>\n<ul>\n<li><strong>Modulo 07: Cria\u00e7\u00e3o de Alertas\u00a0<\/strong><\/li>\n<\/ul>\n<ul>\n<li><strong>Modulo 08: Overview das solu\u00e7\u00f5es de Desastre e Recovery mais utilizadas nas empresas\u00a0\u00a0 (FREE)<\/strong><\/li>\n<\/ul>\n<ul>\n<li style=\"list-style-type: none;\"><\/li>\n<\/ul>\n<p>&nbsp;<\/p>\n<p>Mas Fabr\u00edcio, n\u00e3o gosto de curso gravado. Prefiro curso AO VIVO.<\/p>\n<p>Nesse caso hoje s\u00f3 conseguimos atender com turmas fechadas para empresas.<\/p>\n<ul>\n<li>E-mail: <strong>comercial@powertuning.com.br<\/strong>\u00a0ou Skype:<strong>\u00a0fabriciolima.net<\/strong>.<\/li>\n<\/ul>\n<p>&nbsp;<\/p>\n<h5>Seguem mais informa\u00e7\u00f5es sobre o Treinamento<\/h5>\n<h5>Objetivo<\/h5>\n<p>O objetivo desse treinamento \u00e9 mostrar as tarefas que um DBA deve executar no seu dia a dia de trabalho, tais como, instala\u00e7\u00e3o, configura\u00e7\u00e3o, manuten\u00e7\u00e3o e monitoramento de um ambiente SQL Server.<\/p>\n<p>Quem \u00e9 respons\u00e1vel por um ambiente SQL Server, mesmo que ele seja pequeno, \u00e9 obrigado a conhecer os assuntos tratados nesse treinamento.<\/p>\n<p>Os scripts utilizados nesse treinamento ser\u00e3o utilizados por voc\u00eas durante anos e anos de carreira para quem seguir nessa \u00e1rea de administra\u00e7\u00e3o de banco de dados. \u00a0Com eles voc\u00eas poder\u00e3o recuperar o investimento nesse treinamento aplicando essas rotinas em outros clientes atrav\u00e9s da realiza\u00e7\u00e3o de consultorias que possam vir a fazer.<\/p>\n<p>Ap\u00f3s esse treinamento voc\u00eas ter\u00e3o base para administrar um ambiente SQL Server de forma mais proativa e com maior seguran\u00e7a, aumentando a performance e a disponibilidade desse ambiente.<\/p>\n<h5>Conte\u00fado Program\u00e1tico<\/h5>\n<p><strong>Modulo 01: Instala\u00e7\u00e3o e configura\u00e7\u00e3o do SQL Server<\/strong><strong>\u00a0<\/strong><\/p>\n<ul>\n<li>Planejamento de uma instala\u00e7\u00e3o<\/li>\n<li>Realiza\u00e7\u00e3o de uma instala\u00e7\u00e3o (V\u00eddeo)<\/li>\n<li>Configura\u00e7\u00f5es p\u00f3s instala\u00e7\u00e3o<\/li>\n<li>Configura\u00e7\u00e3o Database Mail<\/li>\n<\/ul>\n<p><strong>Modulo 02: Gerenciamento de Acessos no SQL Server<\/strong><strong>\u00a0(V\u00eddeo)<\/strong><\/p>\n<ul>\n<li>Cria\u00e7\u00e3o de Usu\u00e1rios e Logins<\/li>\n<li>Inclus\u00e3o e remo\u00e7\u00e3o de acessos aos objetos do banco de dados<\/li>\n<\/ul>\n<p><strong>Modulo 03: Diversas Tarefas do Dia a Dia<\/strong><strong>\u00a0<\/strong><\/p>\n<ul>\n<li>Cria\u00e7\u00e3o de uma base de dados\n<ul>\n<li>Page Verify Option<\/li>\n<li>Recovery Model<\/li>\n<\/ul>\n<\/li>\n<li>Cria\u00e7\u00e3o de Tabelas<\/li>\n<li>Principais tipos de dados do SQL Server<\/li>\n<li>Utiliza\u00e7\u00e3o de Constraints (PK, FK, Default, Check e etc) &#8211; (V\u00eddeo)<\/li>\n<li>Detach e Atach<\/li>\n<li>Altera\u00e7\u00e3o de local de arquivos .ldf e .mdf<\/li>\n<li>Linked Server<\/li>\n<li>Shrink<\/li>\n<\/ul>\n<p><strong>Modulo 04: Backup e Restore<\/strong><strong>\u00a0<\/strong><\/p>\n<ul>\n<li>Backup\n<ul>\n<li>Conceitos<\/li>\n<li>Diferen\u00e7a dos tipos de backup FULL, Diferencial e do Log\n<ul>\n<li>Como funciona o arquivo de Log do SQL Server<\/li>\n<\/ul>\n<\/li>\n<li>Dicas para criar uma estrat\u00e9gia de backup<\/li>\n<li>O que acontece se durante a execu\u00e7\u00e3o de um backup FULL forem executados backup de Log?<\/li>\n<li>Backup com Mirror<\/li>\n<li>Backup com Standby<\/li>\n<li>Backup Tail Log<\/li>\n<\/ul>\n<\/li>\n<\/ul>\n<ul>\n<li>Restore\n<ul>\n<li>Conceitos<\/li>\n<li>Testes de restore\n<ul>\n<li>Restore FULL + Logs<\/li>\n<li>Restore FULL + Log at\u00e9 um determinado hor\u00e1rio<\/li>\n<li>Page Restore<\/li>\n<\/ul>\n<\/li>\n<\/ul>\n<\/li>\n<\/ul>\n<p><strong>Modulo 05: SQL Agent (V\u00eddeo)<\/strong><\/p>\n<ul>\n<li>Operadores<\/li>\n<li>Alertas<\/li>\n<li>Configura\u00e7\u00f5es<\/li>\n<li>Trabalhando com Jobs<strong>\u00a0<\/strong><\/li>\n<\/ul>\n<div>\n<p><strong>Modulo 06: Tuning<\/strong><\/p>\n<ul>\n<li>An\u00e1lises iniciais dos recursos do servidor\n<ul>\n<li>CPU<\/li>\n<li>Mem\u00f3ria<\/li>\n<li>Disco<\/li>\n<\/ul>\n<\/li>\n<\/ul>\n<ul>\n<li>Cria\u00e7\u00e3o da procedure WhoisActive\n<ul>\n<li>Exemplos de utiliza\u00e7\u00e3o e explica\u00e7\u00e3o dos resultados retornados por essa procedure<\/li>\n<\/ul>\n<\/li>\n<\/ul>\n<ul>\n<li>Cria\u00e7\u00e3o de um Trace para Log das queries lentas do banco de dados\n<ul>\n<li>Desabilita\u00e7\u00e3o do trace Default do SQL Server<\/li>\n<li>Cria\u00e7\u00e3o da rotina de traces<\/li>\n<li>Como criar um Server Side Trace<\/li>\n<\/ul>\n<\/li>\n<\/ul>\n<ul>\n<li>Cria\u00e7\u00e3o de uma rotina para armazenar alguns contadores do SQL Server\n<ul>\n<li>BatchRequests<\/li>\n<li>User_Connection<\/li>\n<li>CPU<\/li>\n<li>Page Life Expectancy<\/li>\n<\/ul>\n<\/li>\n<\/ul>\n<ul>\n<li>An\u00e1lise das Estat\u00edsticas\n<ul>\n<li>Entendendo como as estat\u00edsticas funcionam e sua import\u00e2ncia<\/li>\n<li>Cria\u00e7\u00e3o de uma rotina para atualiza\u00e7\u00e3o de estat\u00edsticas<\/li>\n<\/ul>\n<\/li>\n<\/ul>\n<ul>\n<li>\u00cdndices\n<ul>\n<li>Como os dados s\u00e3o armazenados no SQL Server<\/li>\n<li>Tipos de \u00edndices (clustered e nonclustered)<\/li>\n<li>Fragmenta\u00e7\u00e3o\n<ul>\n<li>Rotina para armazenar o hist\u00f3rico de fragmenta\u00e7\u00e3o de \u00edndices<\/li>\n<li>Rotina para desfragmentar os \u00edndices das bases<\/li>\n<\/ul>\n<\/li>\n<\/ul>\n<\/li>\n<li>\u00a0 Analise da utiliza\u00e7\u00e3o de \u00edndices\n<ul>\n<li>Rotina para armazenar o hist\u00f3rico de utiliza\u00e7\u00e3o de \u00edndices<\/li>\n<\/ul>\n<\/li>\n<li>Sugest\u00f5es de \u00edndices pelo SQL Server<\/li>\n<\/ul>\n<ul>\n<li>Execution Plan\n<ul>\n<li>Como analisar?<\/li>\n<li>Operadores mais comuns<\/li>\n<\/ul>\n<\/li>\n<\/ul>\n<ul>\n<li>Dicas de Tuning\n<ul>\n<li>An\u00e1lise das queries que mais vezes demoraram no banco de dados<\/li>\n<li>An\u00e1lise do consumo de recursos<\/li>\n<li>Queries mais executadas<\/li>\n<li>Queries que consomem mais CPU<\/li>\n<li>Queries que realizam mais leituras<strong>\u00a0<\/strong><\/li>\n<\/ul>\n<\/li>\n<li>Query Store\n<ul>\n<li>O que \u00e9?<\/li>\n<li>Qual o impacto?<\/li>\n<li>Como isso pode me ajudar no dia a dia?<\/li>\n<\/ul>\n<\/li>\n<\/ul>\n<\/div>\n<p><strong>Modulo 07: Cria\u00e7\u00e3o de Alertas<\/strong><strong>\u00a0<\/strong><\/p>\n<p>Cria\u00e7\u00e3o de alertas no banco de dados e o que fazer quando receber um:<\/p>\n<ul>\n<li>Alertas de locks entre dois processos por mais de X minutos<\/li>\n<li>Alertas quando o Transaction Log passa de 85 % de utiliza\u00e7\u00e3o<\/li>\n<li>Alertas de Consumo de CPU<\/li>\n<li>Alerta de Falta de espa\u00e7o em disco<\/li>\n<li>Alertas quando acontecerem erros graves no SQL Server com\u00a0 severidade entre 20 e 24<\/li>\n<li>Alertas de databases que n\u00e3o est\u00e3o ONLINE<\/li>\n<li>Alertas de p\u00e1ginas e bases corrompidas no banco de dados\n<ul>\n<li>Vis\u00e3o geral sobre corrup\u00e7\u00e3o de banco de dados<\/li>\n<\/ul>\n<\/li>\n<\/ul>\n<p><strong>Modulo 08: Overview das solu\u00e7\u00f5es de Desastre e Recovery mais utilizadas nas empresas<\/strong><strong>\u00a0 \u00a0 \u00a0 \u00a0 \u00a0 \u00a0<\/strong><\/p>\n<ul>\n<li>At\u00e9 o SQL 2008 R2\n<ul>\n<li>Cluster<\/li>\n<li>Database Mirroring<\/li>\n<\/ul>\n<\/li>\n<\/ul>\n<ul>\n<li>A partir do SQL 2012\n<ul>\n<li>Alwayson Failover Cluster<\/li>\n<li>Alwayson Availability Groups<\/li>\n<li>Database Mirror (para vers\u00f5es Standard)<\/li>\n<\/ul>\n<\/li>\n<\/ul>\n<ul>\n<li>Solu\u00e7\u00f5es menos utilizadas\n<ul>\n<li>Replica\u00e7\u00e3o<\/li>\n<li>Log Shipping<\/li>\n<\/ul>\n<\/li>\n<\/ul>\n<h6><span style=\"color: #ff0000;\"><strong>N\u00e3o perca essa oportunidade de investir na sua carreira!<\/strong><\/span><\/h6>\n<div data-test='contact-form' id='contact-form-3244' class='wp-block-jetpack-contact-form-container '>\n<form action='https:\/\/fabriciolima.net\/blog\/cursos-online\/treinamento-tarefas-do-dia-a-dia-de-um-dba-online\/#contact-form-3244' method='post' class='contact-form commentsblock' aria-label=\"Tarefas do Dia a Dia de um DBA - Ao Vivo ou na Udemy\" novalidate>\n\n<div style=\"\" class='grunion-field-name-wrap grunion-field-wrap'  >\n<label\n\t\t\t\tfor='g3244-nome'\n\t\t\t\tclass='grunion-field-label name'>Nome<span class=\"grunion-label-required\" aria-hidden=\"true\">(obrigat\u00f3rio)<\/span><\/label>\n<input\n\t\t\t\t\ttype='text'\n\t\t\t\t\tname='g3244-nome'\n\t\t\t\t\tid='g3244-nome'\n\t\t\t\t\tvalue=''\n\t\t\t\t\tclass='name  grunion-field' \n\t\t\t\t\trequired aria-required='true' \/>\n\t<\/div>\n\n<div style=\"\" class='grunion-field-email-wrap grunion-field-wrap'  >\n<label\n\t\t\t\tfor='g3244-email'\n\t\t\t\tclass='grunion-field-label email'>Email<span class=\"grunion-label-required\" aria-hidden=\"true\">(obrigat\u00f3rio)<\/span><\/label>\n<input\n\t\t\t\t\ttype='email'\n\t\t\t\t\tname='g3244-email'\n\t\t\t\t\tid='g3244-email'\n\t\t\t\t\tvalue=''\n\t\t\t\t\tclass='email  grunion-field' \n\t\t\t\t\trequired aria-required='true' \/>\n\t<\/div>\n\n<div style=\"\" class='grunion-field-textarea-wrap grunion-field-wrap'  >\n<label\n\t\t\t\tfor='contact-form-comment-g3244-comentrio'\n\t\t\t\tclass='grunion-field-label textarea'>Coment\u00e1rio<span class=\"grunion-label-required\" aria-hidden=\"true\">(obrigat\u00f3rio)<\/span><\/label>\n<textarea\n\t\t                style=''\n\t\t                name='g3244-comentrio'\n\t\t                id='contact-form-comment-g3244-comentrio'\n\t\t                rows='20' class='textarea  grunion-field'  required aria-required='true'><\/textarea>\n\t<\/div>\n\t<p class='contact-submit'>\n\t\t<button type='submit' class='pushbutton-wide'>Enviar<\/button>\t\t<input type='hidden' name='contact-form-id' value='3244' \/>\n\t\t<input type='hidden' name='action' value='grunion-contact-form' \/>\n\t\t<input type='hidden' name='contact-form-hash' value='3547fc8bdd96c7adaa7c87a3576baa6ae29ca8de' \/>\n\t<\/p>\n<p style=\"display: none !important;\" class=\"akismet-fields-container\" data-prefix=\"ak_\"><label>&#916;<textarea name=\"ak_hp_textarea\" cols=\"45\" rows=\"8\" maxlength=\"100\"><\/textarea><\/label><input type=\"hidden\" id=\"ak_js_1\" name=\"ak_js\" value=\"207\"\/><script>document.getElementById( \"ak_js_1\" ).setAttribute( \"value\", ( new Date() ).getTime() );<\/script><\/p><\/form>\n<\/div>\n","protected":false},"excerpt":{"rendered":"<p>&nbsp; Esse treinamento foi sucesso de p\u00fablico quando ministrado de forma AO VIVO para mais de 200 alunos. Quando parei de ministrar ao vivo, coloquei a grava\u00e7\u00e3o de uma turma na udemy e tamb\u00e9m foi sucesso, sendo realizado por mais de 100 alunos. Atendendo a pedidos, trouxe a grava\u00e7\u00e3o desse curso para a nossa plataforma [&hellip;]<\/p>\n","protected":false},"author":1,"featured_media":0,"parent":3239,"menu_order":0,"comment_status":"open","ping_status":"open","template":"","meta":{"_exactmetrics_skip_tracking":false,"_exactmetrics_sitenote_active":false,"_exactmetrics_sitenote_note":"","_exactmetrics_sitenote_category":0,"_uf_show_specific_survey":0,"_uf_disable_surveys":false,"jetpack_post_was_ever_published":false,"footnotes":""},"jetpack_sharing_enabled":true,"jetpack-related-posts":[],"jetpack_likes_enabled":true,"jetpack_shortlink":"https:\/\/wp.me\/P7v2hY-Qk","_links":{"self":[{"href":"https:\/\/fabriciolima.net\/blog\/wp-json\/wp\/v2\/pages\/3244"}],"collection":[{"href":"https:\/\/fabriciolima.net\/blog\/wp-json\/wp\/v2\/pages"}],"about":[{"href":"https:\/\/fabriciolima.net\/blog\/wp-json\/wp\/v2\/types\/page"}],"author":[{"embeddable":true,"href":"https:\/\/fabriciolima.net\/blog\/wp-json\/wp\/v2\/users\/1"}],"replies":[{"embeddable":true,"href":"https:\/\/fabriciolima.net\/blog\/wp-json\/wp\/v2\/comments?post=3244"}],"version-history":[{"count":33,"href":"https:\/\/fabriciolima.net\/blog\/wp-json\/wp\/v2\/pages\/3244\/revisions"}],"predecessor-version":[{"id":12334,"href":"https:\/\/fabriciolima.net\/blog\/wp-json\/wp\/v2\/pages\/3244\/revisions\/12334"}],"up":[{"embeddable":true,"href":"https:\/\/fabriciolima.net\/blog\/wp-json\/wp\/v2\/pages\/3239"}],"wp:attachment":[{"href":"https:\/\/fabriciolima.net\/blog\/wp-json\/wp\/v2\/media?parent=3244"}],"curies":[{"name":"wp","href":"https:\/\/api.w.org\/{rel}","templated":true}]}}