{"id":3239,"date":"2015-02-12T16:30:59","date_gmt":"2015-02-12T18:30:59","guid":{"rendered":"http:\/\/www.fabriciolima.net\/blog\/?page_id=3239"},"modified":"2019-05-13T13:22:25","modified_gmt":"2019-05-13T16:22:25","slug":"cursos-online","status":"publish","type":"page","link":"https:\/\/fabriciolima.net\/blog\/cursos-online\/","title":{"rendered":"Treinamentos"},"content":{"rendered":"<p><img loading=\"lazy\" decoding=\"async\" class=\"wp-image-10397 aligncenter\" src=\"https:\/\/fabriciolima.net\/blog\/wp-content\/uploads\/2019\/03\/25_Prancheta-1.jpg\" alt=\"\" width=\"346\" height=\"346\" srcset=\"https:\/\/fabriciolima.net\/blog\/wp-content\/uploads\/2019\/03\/25_Prancheta-1.jpg 1600w, https:\/\/fabriciolima.net\/blog\/wp-content\/uploads\/2019\/03\/25_Prancheta-1-300x300.jpg 300w, https:\/\/fabriciolima.net\/blog\/wp-content\/uploads\/2019\/03\/25_Prancheta-1-1024x1024.jpg 1024w, https:\/\/fabriciolima.net\/blog\/wp-content\/uploads\/2019\/03\/25_Prancheta-1-150x150.jpg 150w, https:\/\/fabriciolima.net\/blog\/wp-content\/uploads\/2019\/03\/25_Prancheta-1-768x768.jpg 768w, https:\/\/fabriciolima.net\/blog\/wp-content\/uploads\/2019\/03\/25_Prancheta-1-1536x1536.jpg 1536w, https:\/\/fabriciolima.net\/blog\/wp-content\/uploads\/2019\/03\/25_Prancheta-1-700x700.jpg 700w, https:\/\/fabriciolima.net\/blog\/wp-content\/uploads\/2019\/03\/25_Prancheta-1-410x410.jpg 410w, https:\/\/fabriciolima.net\/blog\/wp-content\/uploads\/2019\/03\/25_Prancheta-1-100x100.jpg 100w, https:\/\/fabriciolima.net\/blog\/wp-content\/uploads\/2019\/03\/25_Prancheta-1-275x275.jpg 275w, https:\/\/fabriciolima.net\/blog\/wp-content\/uploads\/2019\/03\/25_Prancheta-1-20x20.jpg 20w\" sizes=\"auto, (max-width: 346px) 100vw, 346px\" \/><\/p>\n<p>&nbsp;<\/p>\n<p>Depois de alguns meses de muito trabalho, preparamos, com muito carinho, uma nova plataforma de Treinamentos ONLINE para voc\u00eas. Nossos especialistas e parceiros disponibilizar\u00e3o cursos diferenciados com muita experi\u00eancia e casos do dia a dia.<\/p>\n<p><strong>Nossos diferenciais:<\/strong><\/p>\n<ul>\n<li>Treinamentos com profissionais refer\u00eancia no mercado a um pre\u00e7o acess\u00edvel;<\/li>\n<li>Sem custos com transporte e hospedagem;<\/li>\n<li>Pode assistir os cursos quando e onde quiser;<\/li>\n<li>Acesso vital\u00edcio a plataforma, ou seja, ter\u00e1 acessos aos v\u00eddeos para sempre;<\/li>\n<li>Quando se sentir cansado, pode dar uma pausa e continuar o curso em outro dia para absorver bem o conte\u00fado;<\/li>\n<li>N\u00e3o entendeu o que o instrutor falou, pode assistir novamente, pausar, voltar e repetir at\u00e9 entender;<\/li>\n<li>Ficou com d\u00favidas durante uma explica\u00e7\u00e3o? Deixe uma pergunta em nossa plataforma que nosso time responder\u00e1 o quanto antes;<\/li>\n<li>Converse, com outros alunos por meio da rede social interna de nossa plataforma. Grande oportunidade de networking com alunos de v\u00e1rias partes do Brasil.<\/li>\n<\/ul>\n<div class=\"espaco\"><strong>Temos Certificado<\/strong><\/div>\n<div><\/div>\n<p>Concluindo o curso, compartilhe o seu certificado nas redes sociais e fa\u00e7a seu Marketing pessoal.<\/p>\n<div class=\"espaco\"><img loading=\"lazy\" decoding=\"async\" class=\"wp-image-10398 aligncenter\" src=\"https:\/\/fabriciolima.net\/blog\/wp-content\/uploads\/2019\/03\/CertificadoTeamFabricioLima.png\" alt=\"\" width=\"540\" height=\"381\" srcset=\"https:\/\/fabriciolima.net\/blog\/wp-content\/uploads\/2019\/03\/CertificadoTeamFabricioLima.png 1600w, https:\/\/fabriciolima.net\/blog\/wp-content\/uploads\/2019\/03\/CertificadoTeamFabricioLima-300x212.png 300w, https:\/\/fabriciolima.net\/blog\/wp-content\/uploads\/2019\/03\/CertificadoTeamFabricioLima-1024x722.png 1024w, https:\/\/fabriciolima.net\/blog\/wp-content\/uploads\/2019\/03\/CertificadoTeamFabricioLima-768x541.png 768w, https:\/\/fabriciolima.net\/blog\/wp-content\/uploads\/2019\/03\/CertificadoTeamFabricioLima-1536x1083.png 1536w, https:\/\/fabriciolima.net\/blog\/wp-content\/uploads\/2019\/03\/CertificadoTeamFabricioLima-700x494.png 700w, https:\/\/fabriciolima.net\/blog\/wp-content\/uploads\/2019\/03\/CertificadoTeamFabricioLima-410x289.png 410w, https:\/\/fabriciolima.net\/blog\/wp-content\/uploads\/2019\/03\/CertificadoTeamFabricioLima-100x71.png 100w, https:\/\/fabriciolima.net\/blog\/wp-content\/uploads\/2019\/03\/CertificadoTeamFabricioLima-275x194.png 275w, https:\/\/fabriciolima.net\/blog\/wp-content\/uploads\/2019\/03\/CertificadoTeamFabricioLima-20x14.png 20w\" sizes=\"auto, (max-width: 540px) 100vw, 540px\" \/><\/div>\n<p>&nbsp;<\/p>\n<p>E a\u00ed? Vai ficar de fora dessa?<\/p>\n<p>Conhe\u00e7a nossa plataforma e d\u00ea um UP na sua carreira profissional!<\/p>\n<p><strong>Link da plataforma:<\/strong><a class=\"wpel-icon-left\" href=\"http:\/\/cursos.fabriciolima.net\/\" target=\"_blank\" rel=\"noopener noreferrer nofollow external\" data-wpel-link=\"external\">\u00a0http:\/\/cursos.fabriciolima.net<\/a><\/p>\n<h5><strong>Treinamentos para a sua empresa<\/strong><\/h5>\n<p>Tamb\u00e9m realizamos treinamentos exclusivos para a sua empresa.<\/p>\n<p><strong>Tuning para DBAs e Devs com casos reais da sua Empresa<\/strong><\/p>\n<p>Nesse link abaixo ter\u00e1 informa\u00e7\u00f5es todos os detalhes desse Treinamento formado em performance:<\/p>\n<ul>\n<li><a href=\"https:\/\/www.fabriciolima.net\/cursos-online\/tuning-para-dbas-e-devs-com-casos-reais-da-sua-empresa\/\" target=\"_blank\" rel=\"noopener\">Tuning para DBAs e Devs com casos reais da sua Empresa<\/a><\/li>\n<\/ul>\n<p>&nbsp;<\/p>\n<h5>Para se inscrever ou tirar d\u00favidas:<\/h5>\n<p>Envie um e-mail para:\u00a0<strong>contato@fabriciolima.net<\/strong>\u00a0ou me chame no Skype:<strong>\u00a0fabriciolima.net<\/strong>.<\/p>\n<h2>Entre em Contato<\/h2>\n[contact-form][contact-field label=&#8217;Nome&#8217; type=&#8217;name&#8217; required=&#8217;1&#8217;\/][contact-field label=&#8217;Email&#8217; type=&#8217;email&#8217; required=&#8217;1&#8217;\/][contact-field label=&#8217;Coment\u00e1rio&#8217; type=&#8217;textarea&#8217; required=&#8217;1&#8217;\/][\/contact-form]\n","protected":false},"excerpt":{"rendered":"<p>&nbsp; Depois de alguns meses de muito trabalho, preparamos, com muito carinho, uma nova plataforma de Treinamentos ONLINE para voc\u00eas. Nossos especialistas e parceiros disponibilizar\u00e3o cursos diferenciados com muita experi\u00eancia e casos do dia a dia. Nossos diferenciais: Treinamentos com profissionais refer\u00eancia no mercado a um pre\u00e7o acess\u00edvel; Sem custos com transporte e hospedagem; Pode [&hellip;]<\/p>\n","protected":false},"author":1,"featured_media":0,"parent":0,"menu_order":0,"comment_status":"open","ping_status":"closed","template":"","meta":{"_exactmetrics_skip_tracking":false,"_exactmetrics_sitenote_active":false,"_exactmetrics_sitenote_note":"","_exactmetrics_sitenote_category":0,"footnotes":""},"class_list":["post-3239","page","type-page","status-publish","hentry"],"jetpack-related-posts":[{"id":3244,"url":"https:\/\/fabriciolima.net\/blog\/cursos-online\/treinamento-tarefas-do-dia-a-dia-de-um-dba-online\/","url_meta":{"origin":3239,"position":0},"title":"Tarefas do Dia a Dia de um DBA &#8211; Ao Vivo ou na Udemy","author":"Fabr\u00edcio Lima","date":"12 de fevereiro de 2015","format":false,"excerpt":"\u00a0 Esse treinamento foi sucesso de p\u00fablico quando ministrado de forma AO VIVO para mais de 200 alunos. Quando parei de ministrar ao vivo, coloquei a grava\u00e7\u00e3o de uma turma na udemy e tamb\u00e9m foi sucesso, sendo realizado por mais de 100 alunos. Atendendo a pedidos, trouxe a grava\u00e7\u00e3o desse\u2026","rel":"","context":"Com 28 coment\u00e1rios","block_context":{"text":"Com 28 coment\u00e1rios","link":"https:\/\/fabriciolima.net\/blog\/cursos-online\/treinamento-tarefas-do-dia-a-dia-de-um-dba-online\/#comments"},"img":{"alt_text":"","src":"https:\/\/i0.wp.com\/www.fabriciolima.net\/blog\/wp-content\/uploads\/2018\/05\/banner-treinamentos2.jpg?resize=350%2C200&ssl=1","width":350,"height":200,"srcset":"https:\/\/i0.wp.com\/www.fabriciolima.net\/blog\/wp-content\/uploads\/2018\/05\/banner-treinamentos2.jpg?resize=350%2C200&ssl=1 1x, https:\/\/i0.wp.com\/www.fabriciolima.net\/blog\/wp-content\/uploads\/2018\/05\/banner-treinamentos2.jpg?resize=525%2C300&ssl=1 1.5x, https:\/\/i0.wp.com\/www.fabriciolima.net\/blog\/wp-content\/uploads\/2018\/05\/banner-treinamentos2.jpg?resize=700%2C400&ssl=1 2x"},"classes":[]},{"id":13852,"url":"https:\/\/fabriciolima.net\/blog\/cursos-online\/melhorando-a-performance-de-consultas-no-totvs-protheus\/","url_meta":{"origin":3239,"position":1},"title":"Melhorando a Performance de Consultas no Totvs Protheus","author":"Fabr\u00edcio Lima","date":"10 de outubro de 2020","format":false,"excerpt":"Fala Pessoal, O meu novo curso j\u00e1 est\u00e1 dispon\u00edvel na plataforma da Power Tuning:\u00a0Melhorando a Performance de Consultas no Totvs Protheus S\u00e3o 11 horas de curso e tem certificado no final para quem passar na prova. \u00a0 Fabr\u00edcio, s\u00f3 serve para ambientes Protheus? R: O Protheus \u00e9 apenas o ERP\u2026","rel":"","context":"Post similar","block_context":{"text":"Post similar","link":""},"img":{"alt_text":"","src":"","width":0,"height":0},"classes":[]},{"id":8985,"url":"https:\/\/fabriciolima.net\/blog\/cursos-online\/tuning-para-dbas-e-devs-com-casos-reais-da-sua-empresa\/","url_meta":{"origin":3239,"position":2},"title":"Tuning para DBAs e Devs com casos reais da sua Empresa","author":"Fabr\u00edcio Lima","date":"15 de maio de 2018","format":false,"excerpt":"\u00a0 Fala Pessoal, Um cliente me solicitou um Treinamento focado 100% em Tuning e com um conte\u00fado mais aprofundado do que o m\u00f3dulo que tinha no meu Treinamento de Tarefas do Dia a Dia de um DBA. Da\u00ed surgiu meu novo Treinamento: Tuning para DBAs e Devs com casos reais\u2026","rel":"","context":"Post similar","block_context":{"text":"Post similar","link":""},"img":{"alt_text":"","src":"https:\/\/i0.wp.com\/www.fabriciolima.net\/blog\/wp-content\/uploads\/2018\/05\/banner-treinamentos.jpg?resize=350%2C200&ssl=1","width":350,"height":200,"srcset":"https:\/\/i0.wp.com\/www.fabriciolima.net\/blog\/wp-content\/uploads\/2018\/05\/banner-treinamentos.jpg?resize=350%2C200&ssl=1 1x, https:\/\/i0.wp.com\/www.fabriciolima.net\/blog\/wp-content\/uploads\/2018\/05\/banner-treinamentos.jpg?resize=525%2C300&ssl=1 1.5x, https:\/\/i0.wp.com\/www.fabriciolima.net\/blog\/wp-content\/uploads\/2018\/05\/banner-treinamentos.jpg?resize=700%2C400&ssl=1 2x"},"classes":[]},{"id":9411,"url":"https:\/\/fabriciolima.net\/blog\/cursos-online\/treinamento-consultoria-individual-na-pratica\/","url_meta":{"origin":3239,"position":3},"title":"Treinamento + Consultoria individual na pr\u00e1tica","author":"Fabr\u00edcio Lima","date":"2 de outubro de 2018","format":false,"excerpt":"Fala Pessoal, Algumas pessoas me procuram querendo saber se podem fazer um treinamento individual mais resumido, com poucas horas e com informa\u00e7\u00f5es reais da empresa delas. Eu chamo isso de:\u00a0Treinamento + Consultoria individual na pr\u00e1tica Sim. J\u00e1 fiz isso algumas vezes. Seguimos o conte\u00fado do meu\u00a0Treinamento de Tuning\u00a0, conferimos e\u2026","rel":"","context":"Post similar","block_context":{"text":"Post similar","link":""},"img":{"alt_text":"","src":"","width":0,"height":0},"classes":[]},{"id":9396,"url":"https:\/\/fabriciolima.net\/blog\/consultoria-remota\/servicos-de-bi\/","url_meta":{"origin":3239,"position":4},"title":"Servi\u00e7os de BI","author":"Fabr\u00edcio Lima","date":"1 de outubro de 2018","format":false,"excerpt":"Assim como nossa vertente de administra\u00e7\u00e3o de banco de dados, que possui profissionais refer\u00eancia no mercado, nosso time de BI tamb\u00e9m \u00e9 diferenciado. Hoje atuamos em duas frentes de BI, Consultorias e Treinamentos. Parceria Fizemos uma parceria com os Planilheiros que possuem o maior canal de Power BI do mundo:\u00a0https:\/\/youtube.com\/planilheirosbrasil\u2026","rel":"","context":"Post similar","block_context":{"text":"Post similar","link":""},"img":{"alt_text":"","src":"https:\/\/i0.wp.com\/fabriciolima.net\/blog\/wp-content\/uploads\/2019\/03\/dirceuresende.png?resize=350%2C200&ssl=1","width":350,"height":200,"srcset":"https:\/\/i0.wp.com\/fabriciolima.net\/blog\/wp-content\/uploads\/2019\/03\/dirceuresende.png?resize=350%2C200&ssl=1 1x, https:\/\/i0.wp.com\/fabriciolima.net\/blog\/wp-content\/uploads\/2019\/03\/dirceuresende.png?resize=525%2C300&ssl=1 1.5x, https:\/\/i0.wp.com\/fabriciolima.net\/blog\/wp-content\/uploads\/2019\/03\/dirceuresende.png?resize=700%2C400&ssl=1 2x, https:\/\/i0.wp.com\/fabriciolima.net\/blog\/wp-content\/uploads\/2019\/03\/dirceuresende.png?resize=1050%2C600&ssl=1 3x, https:\/\/i0.wp.com\/fabriciolima.net\/blog\/wp-content\/uploads\/2019\/03\/dirceuresende.png?resize=1400%2C800&ssl=1 4x"},"classes":[]},{"id":417,"url":"https:\/\/fabriciolima.net\/blog\/sql-server\/downloads\/","url_meta":{"origin":3239,"position":5},"title":"Downloads","author":"Fabr\u00edcio Lima","date":"11 de fevereiro de 2011","format":false,"excerpt":"Nesta p\u00e1gina deixarei links de diversos tipos de downloads relacionados ao SQL Server. OBS1: Fique a vontade para informar outros links nos coment\u00e1rios. \u00daltima Atualiza\u00e7\u00e3o: 06\/10\/2017 \u00a0 Free E-Books sobre SQL Server para Download Segue abaixo o link de um post que atualizo frequentemente com diversos E-Books Gratuitos: https:\/\/www.fabriciolima.net\/blog\/2010\/12\/03\/free-ebooks-sobre-sql-server-para-download\/ Materiais\u2026","rel":"","context":"Post similar","block_context":{"text":"Post similar","link":""},"img":{"alt_text":"","src":"","width":0,"height":0},"classes":[]}],"post_mailing_queue_ids":[],"_links":{"self":[{"href":"https:\/\/fabriciolima.net\/blog\/wp-json\/wp\/v2\/pages\/3239","targetHints":{"allow":["GET"]}}],"collection":[{"href":"https:\/\/fabriciolima.net\/blog\/wp-json\/wp\/v2\/pages"}],"about":[{"href":"https:\/\/fabriciolima.net\/blog\/wp-json\/wp\/v2\/types\/page"}],"author":[{"embeddable":true,"href":"https:\/\/fabriciolima.net\/blog\/wp-json\/wp\/v2\/users\/1"}],"replies":[{"embeddable":true,"href":"https:\/\/fabriciolima.net\/blog\/wp-json\/wp\/v2\/comments?post=3239"}],"version-history":[{"count":8,"href":"https:\/\/fabriciolima.net\/blog\/wp-json\/wp\/v2\/pages\/3239\/revisions"}],"predecessor-version":[{"id":10503,"href":"https:\/\/fabriciolima.net\/blog\/wp-json\/wp\/v2\/pages\/3239\/revisions\/10503"}],"wp:attachment":[{"href":"https:\/\/fabriciolima.net\/blog\/wp-json\/wp\/v2\/media?parent=3239"}],"curies":[{"name":"wp","href":"https:\/\/api.w.org\/{rel}","templated":true}]}}