{"id":2970,"date":"2014-05-11T21:54:05","date_gmt":"2014-05-11T23:54:05","guid":{"rendered":"http:\/\/fabriciolima.net\/blog\/?page_id=2970"},"modified":"2016-06-25T13:14:45","modified_gmt":"2016-06-25T16:14:45","slug":"melhorias-de-performance","status":"publish","type":"page","link":"https:\/\/fabriciolima.net\/blog\/consultoria-remota\/melhorias-de-performance\/","title":{"rendered":"Melhorias de Performance"},"content":{"rendered":"<p><a href=\"https:\/\/www.fabriciolima.net\/blog\/wp-content\/uploads\/2014\/05\/Performance.jpg\" target=\"_blank\"><img decoding=\"async\" class=\"size-full wp-image-2971 alignleft\" title=\"Performance\" src=\"https:\/\/www.fabriciolima.net\/blog\/wp-content\/uploads\/2014\/05\/Performance.jpg\" alt=\"\" width=\"309\" height=\"202\" srcset=\"https:\/\/fabriciolima.net\/blog\/wp-content\/uploads\/2014\/05\/Performance.jpg 309w, https:\/\/fabriciolima.net\/blog\/wp-content\/uploads\/2014\/05\/Performance-300x196.jpg 300w, https:\/\/fabriciolima.net\/blog\/wp-content\/uploads\/2014\/05\/Performance-100x65.jpg 100w, https:\/\/fabriciolima.net\/blog\/wp-content\/uploads\/2014\/05\/Performance-275x180.jpg 275w, https:\/\/fabriciolima.net\/blog\/wp-content\/uploads\/2014\/05\/Performance-20x13.jpg 20w\" sizes=\"(max-width: 309px) 100vw, 309px\" \/><\/a><\/p>\n<p>Tuning \u00e9 uma das minhas especialidades dentro do SQL Server. Noventa por cento dos meus clientes solicitam um Tuning em suas bases de dados e at\u00e9 hoje sempre tive sucesso nas minhas atua\u00e7\u00f5es. Posso dar refer\u00eancias caso seja preciso.<\/p>\n<p>Toda a consultoria de Tuning \u00e9 realizada sem causar nenhuma indisponibilidade para o seu ambiente. Ela \u00e9 totalmente transparente para seus usu\u00e1rios.<\/p>\n<p>Mesmo que voc\u00ea migre seu banco de dados no futuro, as implementa\u00e7\u00f5es realizadas nas bases tamb\u00e9m s\u00e3o migradas, o que torna o seu investimento duradouro.<\/p>\n<p>&nbsp;<\/p>\n<p>Seguem abaixo os benef\u00edcios de performance que permanecem no seu ambiente de banco de dados ap\u00f3s a conclus\u00e3o dessa consultoria.<\/p>\n<h5>Benef\u00edcios de Performance:<\/h5>\n<ul>\n<li>Rotina para monitorar as queries mais demoradas do ambiente.<\/li>\n<li>Rotina para monitorar os contadores do SQL Server.<\/li>\n<li>Rotina para monitorar os maiores waits do ambiente em um determinado intervalo de tempo.<\/li>\n<li>Rotina para acompanhar o crescimento das tabelas e databases. Com isso, voc\u00ea consegue prever o crescimento do ambiente e realizar novos investimentos somente quando necess\u00e1rio.<\/li>\n<li>Rotina para monitorar a utiliza\u00e7\u00e3o dos \u00edndices do ambiente.<\/li>\n<li>Rotina para monitoramento da fila de escrita em disco.<\/li>\n<li>Configura\u00e7\u00f5es de mem\u00f3ria do SQL Server ajustadas.<\/li>\n<li>Rotina para monitorar a fragmenta\u00e7\u00e3o dos \u00edndices.<\/li>\n<li>Arquivos de Logs desfragmentados.<\/li>\n<li>Configura\u00e7\u00f5es para amenizar problemas de paralelismo.<\/li>\n<li>\u00cdndices reestruturados.<\/li>\n<li>Queries, Functions, Procedures com melhor performance. Identifico as queries que mais consomem CPU, Disco, Mem\u00f3ria, Lock e quando poss\u00edvel, proponho uma altera\u00e7\u00e3o.<\/li>\n<li>Tabelas e \u00cdndices compactadas gerando diminui\u00e7\u00e3o do espa\u00e7o em disco e melhor utiliza\u00e7\u00e3o de mem\u00f3ria (Enterprise Only).<\/li>\n<li>An\u00e1lise e defini\u00e7\u00e3o do FILLFACTOR mais adequado para os \u00edndices.<\/li>\n<li>Rotina de manuten\u00e7\u00e3o de \u00edndices e atualiza\u00e7\u00e3o de estat\u00edsticas.<\/li>\n<\/ul>\n<p>&nbsp;<\/p>\n<h5>Contato:<\/h5>\n<p>Para maiores detalhes, voc\u00ea pode entrar em contato comigo pelos meios abaixo:<\/p>\n<p><strong>E-mail<\/strong> &#8211;\u00a0<strong>contato@fabriciolima.net<\/strong><\/p>\n<p><strong>Skype<\/strong> &#8211; fabriciolima.net<\/p>\n<p><strong>Telefone &#8211;\u00a0<\/strong>(027) 3109-9159 \/<strong> (027) 99969-4854<\/strong><\/p>\n<p><strong>Facebook<\/strong> &#8211;\u00a0<a href=\"https:\/\/www.facebook.com\/pages\/Fabricio-Lima-Consultoria-SQL-Server\/239658476126229\" target=\"_blank\">https:\/\/www.facebook.com\/pages\/Fabricio-Lima-Consultoria-SQL-Server\/239658476126229<\/a><\/p>\n<p><strong>Twitter<\/strong> &#8211;\u00a0<a href=\"https:\/\/twitter.com\/Fabriciodba\" target=\"_blank\">https:\/\/twitter.com\/Fabriciodba<\/a><\/p>\n<p><strong>Linkedin<\/strong> &#8211;\u00a0<a href=\"http:\/\/www.linkedin.com\/pub\/fabricio-fran%C3%A7a-lima\/24\/887\/499\" target=\"_blank\">http:\/\/www.linkedin.com\/pub\/fabricio-fran%C3%A7a-lima\/24\/887\/499<\/a><\/p>\n","protected":false},"excerpt":{"rendered":"<p>Tuning \u00e9 uma das minhas especialidades dentro do SQL Server. Noventa por cento dos meus clientes solicitam um Tuning em suas bases de dados e at\u00e9 hoje sempre tive sucesso nas minhas atua\u00e7\u00f5es. Posso dar refer\u00eancias caso seja preciso. Toda a consultoria de Tuning \u00e9 realizada sem causar nenhuma indisponibilidade para o seu ambiente. Ela [&hellip;]<\/p>\n","protected":false},"author":1,"featured_media":0,"parent":1826,"menu_order":0,"comment_status":"open","ping_status":"open","template":"","meta":{"_exactmetrics_skip_tracking":false,"_exactmetrics_sitenote_active":false,"_exactmetrics_sitenote_note":"","_exactmetrics_sitenote_category":0,"_uf_show_specific_survey":0,"_uf_disable_surveys":false,"jetpack_post_was_ever_published":false,"footnotes":""},"jetpack_sharing_enabled":true,"jetpack-related-posts":[],"jetpack_likes_enabled":true,"jetpack_shortlink":"https:\/\/wp.me\/P7v2hY-LU","_links":{"self":[{"href":"https:\/\/fabriciolima.net\/blog\/wp-json\/wp\/v2\/pages\/2970"}],"collection":[{"href":"https:\/\/fabriciolima.net\/blog\/wp-json\/wp\/v2\/pages"}],"about":[{"href":"https:\/\/fabriciolima.net\/blog\/wp-json\/wp\/v2\/types\/page"}],"author":[{"embeddable":true,"href":"https:\/\/fabriciolima.net\/blog\/wp-json\/wp\/v2\/users\/1"}],"replies":[{"embeddable":true,"href":"https:\/\/fabriciolima.net\/blog\/wp-json\/wp\/v2\/comments?post=2970"}],"version-history":[{"count":0,"href":"https:\/\/fabriciolima.net\/blog\/wp-json\/wp\/v2\/pages\/2970\/revisions"}],"up":[{"embeddable":true,"href":"https:\/\/fabriciolima.net\/blog\/wp-json\/wp\/v2\/pages\/1826"}],"wp:attachment":[{"href":"https:\/\/fabriciolima.net\/blog\/wp-json\/wp\/v2\/media?parent=2970"}],"curies":[{"name":"wp","href":"https:\/\/api.w.org\/{rel}","templated":true}]}}