{"id":2741,"date":"2014-01-23T23:47:42","date_gmt":"2014-01-24T01:47:42","guid":{"rendered":"http:\/\/fabriciolima.net\/blog\/?page_id=2741"},"modified":"2019-09-22T21:31:13","modified_gmt":"2019-09-23T00:31:13","slug":"criacao-de-alertas","status":"publish","type":"page","link":"https:\/\/fabriciolima.net\/blog\/consultoria-remota\/criacao-de-alertas\/","title":{"rendered":"Cria\u00e7\u00e3o de Alertas"},"content":{"rendered":"<p style=\"text-align: left;\"><a href=\"https:\/\/www.fabriciolima.net\/blog\/wp-content\/uploads\/2014\/01\/Alertas.png\"><img decoding=\"async\" class=\"wp-image-2978 alignleft\" title=\"Alertas\" src=\"https:\/\/www.fabriciolima.net\/blog\/wp-content\/uploads\/2014\/01\/Alertas.png\" alt=\"\" width=\"179\" height=\"179\" srcset=\"https:\/\/fabriciolima.net\/blog\/wp-content\/uploads\/2014\/01\/Alertas.png 256w, https:\/\/fabriciolima.net\/blog\/wp-content\/uploads\/2014\/01\/Alertas-150x150.png 150w, https:\/\/fabriciolima.net\/blog\/wp-content\/uploads\/2014\/01\/Alertas-100x100.png 100w, https:\/\/fabriciolima.net\/blog\/wp-content\/uploads\/2014\/01\/Alertas-20x20.png 20w\" sizes=\"(max-width: 179px) 100vw, 179px\" \/><\/a><\/p>\n<p style=\"text-align: left;\">Os alertas s\u00e3o indispens\u00e1veis para que voc\u00ea identifique um problema antes que ele aconte\u00e7a ou o mais r\u00e1pido poss\u00edvel caso ele j\u00e1 tenha acontecido. Dessa forma, voc\u00ea pode evitar uma grande perda de dados e uma parada do seu ambiente.<\/p>\n<p>&nbsp;<\/p>\n<p>&nbsp;<\/p>\n<p>&nbsp;<\/p>\n<p><strong>Update dia 22\/09\/2019:<\/strong> Veja nesse post uma nova vers\u00e3o com 40 alertas para criar no seu BD SQL Server:<\/p>\n<p><a href=\"http:\/\/www.fabriciolima.net\/blog\/2019\/09\/22\/passo-a-passo-de-como-criar-40-alertas-para-monitorar-seu-sql-server\/\" target=\"_blank\" rel=\"noopener\">http:\/\/www.fabriciolima.net\/blog\/2019\/09\/22\/passo-a-passo-de-como-criar-40-alertas-para-monitorar-seu-sql-server\/<\/a><\/p>\n<p>Caso precise de ajuda na implanta\u00e7\u00e3o dos alertas, pode entrar em contato conosco.<\/p>\n<h5>Contato:<\/h5>\n<p>Para maiores detalhes, voc\u00ea pode entrar em contato comigo pelos meios abaixo:<\/p>\n<p><strong>E-mail<\/strong> \u2013\u00a0<strong>comercial@fabriciolima.net<\/strong><\/p>\n<p><strong>Skype<\/strong> \u2013 fabriciolima.net<\/p>\n<p><strong>Telefone \u2013\u00a0<\/strong><strong>(027) 99969-4854<\/strong><\/p>\n<p><strong>Facebook<\/strong> \u2013\u00a0<a href=\"https:\/\/www.facebook.com\/pages\/Fabricio-Lima-Consultoria-SQL-Server\/239658476126229\" target=\"_blank\" rel=\"noopener\">https:\/\/www.facebook.com\/pages\/Fabricio-Lima-Consultoria-SQL-Server\/239658476126229<\/a><\/p>\n<p><strong>Twitter<\/strong> \u2013\u00a0<a href=\"https:\/\/twitter.com\/Fabriciodba\" target=\"_blank\" rel=\"noopener\">https:\/\/twitter.com\/Fabriciodba<\/a><\/p>\n<p><strong>Linkedin<\/strong> \u2013\u00a0<a href=\"http:\/\/www.linkedin.com\/pub\/fabricio-fran%C3%A7a-lima\/24\/887\/499\" target=\"_blank\" rel=\"noopener\">http:\/\/www.linkedin.com\/pub\/fabricio-fran%C3%A7a-lima\/24\/887\/499<\/a><\/p>\n<h6>Para refletir:<\/h6>\n<p><em>Backups, Alertas e Monitoramento \u00e9 igual seguro de carro, tenho seguro de carro h\u00e1 5 anos e nunca usei, contudo, o dia que meu carro for roubado, minhas perdas ser\u00e3o m\u00ednimas. Eu pago o seguro para ficar mais tranquilo.<\/em><\/p>\n<p><em>O mesmo vale para um banco de dados de uma empresa que vale muito mais que um carro. Seu banco de dados pode estar h\u00e1 5 anos sem nenhum problema, contudo, o dia que acontecer um problema grave e voc\u00ea n\u00e3o tiver preparado, suas perdas podem ser muito maiores do que seria se seu carro fosse roubado.<\/em><\/p>\n<p><em>Vale a pena fazer um \u201cseguro\u201d do banco de dados da sua empresa?<\/em><\/p>\n<h6><span style=\"color: #ff0000;\"><b>Segue abaixo a visualiza\u00e7\u00e3o dos Alertas que chegam por e-mail:<\/b><\/span><\/h6>\n<p>&nbsp;<\/p>\n<h5>1) Processo Bloqueado<\/h5>\n<p><a href=\"https:\/\/www.fabriciolima.net\/blog\/wp-content\/uploads\/2016\/08\/Alerta01_ProcessoBloqueado_Alerta.png\" target=\"_blank\" rel=\"noopener\"><img decoding=\"async\" class=\"alignleft wp-image-4156\" src=\"https:\/\/www.fabriciolima.net\/blog\/wp-content\/uploads\/2016\/08\/Alerta01_ProcessoBloqueado_Alerta.png\" alt=\"\" width=\"722\" height=\"108\" \/><\/a><\/p>\n<h5>2) Databases Sem Backup<\/h5>\n<p><a href=\"https:\/\/www.fabriciolima.net\/blog\/wp-content\/uploads\/2016\/08\/Alerta12_FalhaBackup_Alerta.png\" target=\"_blank\" rel=\"noopener\"><img decoding=\"async\" class=\"alignleft wp-image-4156\" src=\"https:\/\/www.fabriciolima.net\/blog\/wp-content\/uploads\/2016\/08\/Alerta12_FalhaBackup_Alerta.png\" alt=\"\" width=\"722\" height=\"108\" \/><\/a><\/p>\n<h5>3) Consumo CPU<\/h5>\n<p><a href=\"https:\/\/www.fabriciolima.net\/blog\/wp-content\/uploads\/2016\/08\/Alerta03_ConsumoCPU_Alerta.png\" target=\"_blank\" rel=\"noopener\"><img decoding=\"async\" class=\"alignleft wp-image-4156\" src=\"https:\/\/www.fabriciolima.net\/blog\/wp-content\/uploads\/2016\/08\/Alerta03_ConsumoCPU_Alerta.png\" alt=\"\" width=\"722\" height=\"108\" \/><\/a><\/p>\n<h5>4) Espa\u00e7o em Disco<\/h5>\n<p><a href=\"https:\/\/www.fabriciolima.net\/blog\/wp-content\/uploads\/2016\/08\/Alerta03_ConsumoCPU_Alerta.png\" target=\"_blank\" rel=\"noopener\"><img decoding=\"async\" class=\"alignleft wp-image-4156\" src=\"https:\/\/www.fabriciolima.net\/blog\/wp-content\/uploads\/2016\/08\/Alerta03_ConsumoCPU_Alerta.png\" alt=\"\" width=\"722\" height=\"108\" \/><\/a><\/p>\n<h5>5) Arquivo Log Full<\/h5>\n<p><a href=\"https:\/\/www.fabriciolima.net\/blog\/wp-content\/uploads\/2016\/08\/Alerta05_ArquivoLog_Alerta.png\" target=\"_blank\" rel=\"noopener\"><img decoding=\"async\" class=\"alignleft wp-image-4156\" src=\"https:\/\/www.fabriciolima.net\/blog\/wp-content\/uploads\/2016\/08\/Alerta05_ArquivoLog_Alerta.png\" alt=\"\" width=\"722\" height=\"108\" \/><\/a><\/p>\n<h5>6) Banco de Dados Corrompido<\/h5>\n<p><a href=\"https:\/\/www.fabriciolima.net\/blog\/wp-content\/uploads\/2016\/08\/Alerta06_DatabaseCorrompida_Alerta.png\" target=\"_blank\" rel=\"noopener\"><img decoding=\"async\" class=\"alignleft wp-image-4156\" src=\"https:\/\/www.fabriciolima.net\/blog\/wp-content\/uploads\/2016\/08\/Alerta06_DatabaseCorrompida_Alerta.png\" alt=\"\" width=\"722\" height=\"108\" \/><\/a><\/p>\n<h5>7) Status Database<\/h5>\n<p><a href=\"https:\/\/www.fabriciolima.net\/blog\/wp-content\/uploads\/2016\/08\/Alerta07_StatusDatabase_Alerta.png\" target=\"_blank\" rel=\"noopener\"><img decoding=\"async\" class=\"alignleft wp-image-4156\" src=\"https:\/\/www.fabriciolima.net\/blog\/wp-content\/uploads\/2016\/08\/Alerta07_StatusDatabase_Alerta.png\" alt=\"\" width=\"722\" height=\"108\" \/><\/a><\/p>\n<h5>8) Queries Demoradas<\/h5>\n<p><a href=\"https:\/\/www.fabriciolima.net\/blog\/wp-content\/uploads\/2016\/08\/Alerta08_QueriesDemoradas_Alerta.png\" target=\"_blank\" rel=\"noopener\"><img decoding=\"async\" class=\"alignleft wp-image-4156\" src=\"https:\/\/www.fabriciolima.net\/blog\/wp-content\/uploads\/2016\/08\/Alerta08_QueriesDemoradas_Alerta.png\" alt=\"\" width=\"722\" height=\"108\" \/><\/a><\/p>\n<h5>9) Alertas de Severidade<\/h5>\n<p><a href=\"https:\/\/www.fabriciolima.net\/blog\/wp-content\/uploads\/2016\/08\/Alerta09_AlertaSeveridade_Alerta.png\" target=\"_blank\" rel=\"noopener\"><img decoding=\"async\" class=\"alignleft wp-image-4156\" src=\"https:\/\/www.fabriciolima.net\/blog\/wp-content\/uploads\/2016\/08\/Alerta09_AlertaSeveridade_Alerta.png\" alt=\"\" width=\"722\" height=\"108\" \/><\/a><\/p>\n<h5>10) P\u00e1gina Corrompida<\/h5>\n<p><a href=\"https:\/\/www.fabriciolima.net\/blog\/wp-content\/uploads\/2016\/08\/Alerta10_PaginaCorrompida_Alerta.png\" target=\"_blank\" rel=\"noopener\"><img decoding=\"async\" class=\"alignleft wp-image-4156\" src=\"https:\/\/www.fabriciolima.net\/blog\/wp-content\/uploads\/2016\/08\/Alerta10_PaginaCorrompida_Alerta.png\" alt=\"\" width=\"722\" height=\"108\" \/><\/a><\/p>\n<h5>11) JOBS que Falharam<\/h5>\n<p><a href=\"https:\/\/www.fabriciolima.net\/blog\/wp-content\/uploads\/2016\/08\/Alerta11_FalhaJOB_Alerta.png\" target=\"_blank\" rel=\"noopener\"><img decoding=\"async\" class=\"alignleft wp-image-4156\" src=\"https:\/\/www.fabriciolima.net\/blog\/wp-content\/uploads\/2016\/08\/Alerta11_FalhaJOB_Alerta.png\" alt=\"\" width=\"722\" height=\"108\" \/><\/a><\/p>\n<h5>12) MaxSize Arquivo<\/h5>\n<p><a href=\"https:\/\/www.fabriciolima.net\/blog\/wp-content\/uploads\/2016\/08\/Alerta02_MaxSize_Alerta.png\" target=\"_blank\" rel=\"noopener\"><img decoding=\"async\" class=\"alignleft wp-image-4156\" src=\"https:\/\/www.fabriciolima.net\/blog\/wp-content\/uploads\/2016\/08\/Alerta02_MaxSize_Alerta.png\" alt=\"\" width=\"722\" height=\"108\" \/><\/a><\/p>\n<h5>13) SQL Server Reiniciado<\/h5>\n<p><a href=\"https:\/\/www.fabriciolima.net\/blog\/wp-content\/uploads\/2016\/08\/Alerta13_SQLReiniciado_Alerta.png\" target=\"_blank\" rel=\"noopener\"><img decoding=\"async\" class=\"alignleft wp-image-4156\" src=\"https:\/\/www.fabriciolima.net\/blog\/wp-content\/uploads\/2016\/08\/Alerta13_SQLReiniciado_Alerta.png\" alt=\"\" width=\"722\" height=\"108\" \/><\/a><\/p>\n","protected":false},"excerpt":{"rendered":"<p>Os alertas s\u00e3o indispens\u00e1veis para que voc\u00ea identifique um problema antes que ele aconte\u00e7a ou o mais r\u00e1pido poss\u00edvel caso ele j\u00e1 tenha acontecido. Dessa forma, voc\u00ea pode evitar uma grande perda de dados e uma parada do seu ambiente. &nbsp; &nbsp; &nbsp; Update dia 22\/09\/2019: Veja nesse post uma nova vers\u00e3o com 40 alertas [&hellip;]<\/p>\n","protected":false},"author":1,"featured_media":0,"parent":1826,"menu_order":0,"comment_status":"open","ping_status":"open","template":"","meta":{"_exactmetrics_skip_tracking":false,"_exactmetrics_sitenote_active":false,"_exactmetrics_sitenote_note":"","_exactmetrics_sitenote_category":0,"_uf_show_specific_survey":0,"_uf_disable_surveys":false,"jetpack_post_was_ever_published":false,"footnotes":""},"jetpack_sharing_enabled":true,"jetpack-related-posts":[],"jetpack_likes_enabled":true,"jetpack_shortlink":"https:\/\/wp.me\/P7v2hY-Id","_links":{"self":[{"href":"https:\/\/fabriciolima.net\/blog\/wp-json\/wp\/v2\/pages\/2741"}],"collection":[{"href":"https:\/\/fabriciolima.net\/blog\/wp-json\/wp\/v2\/pages"}],"about":[{"href":"https:\/\/fabriciolima.net\/blog\/wp-json\/wp\/v2\/types\/page"}],"author":[{"embeddable":true,"href":"https:\/\/fabriciolima.net\/blog\/wp-json\/wp\/v2\/users\/1"}],"replies":[{"embeddable":true,"href":"https:\/\/fabriciolima.net\/blog\/wp-json\/wp\/v2\/comments?post=2741"}],"version-history":[{"count":2,"href":"https:\/\/fabriciolima.net\/blog\/wp-json\/wp\/v2\/pages\/2741\/revisions"}],"predecessor-version":[{"id":10903,"href":"https:\/\/fabriciolima.net\/blog\/wp-json\/wp\/v2\/pages\/2741\/revisions\/10903"}],"up":[{"embeddable":true,"href":"https:\/\/fabriciolima.net\/blog\/wp-json\/wp\/v2\/pages\/1826"}],"wp:attachment":[{"href":"https:\/\/fabriciolima.net\/blog\/wp-json\/wp\/v2\/media?parent=2741"}],"curies":[{"name":"wp","href":"https:\/\/api.w.org\/{rel}","templated":true}]}}