{"id":2353,"date":"2013-10-04T23:16:36","date_gmt":"2013-10-05T01:16:36","guid":{"rendered":"http:\/\/fabriciolima.net\/blog\/?page_id=2353"},"modified":"2019-01-15T10:39:39","modified_gmt":"2019-01-15T12:39:39","slug":"clientes","status":"publish","type":"page","link":"https:\/\/fabriciolima.net\/blog\/clientes\/","title":{"rendered":"Clientes"},"content":{"rendered":"<p><a href=\"https:\/\/www.fabriciolima.net\/blog\/wp-content\/uploads\/2013\/10\/Clientes.png\" target=\"_blank\" rel=\"noopener noreferrer\"><img decoding=\"async\" class=\"wp-image-2990 aligncenter\" title=\"Clientes\" src=\"https:\/\/www.fabriciolima.net\/blog\/wp-content\/uploads\/2013\/10\/Clientes.png\" alt=\"\" width=\"468\" height=\"179\" srcset=\"https:\/\/fabriciolima.net\/blog\/wp-content\/uploads\/2013\/10\/Clientes.png 975w, https:\/\/fabriciolima.net\/blog\/wp-content\/uploads\/2013\/10\/Clientes-300x115.png 300w, https:\/\/fabriciolima.net\/blog\/wp-content\/uploads\/2013\/10\/Clientes-768x295.png 768w, https:\/\/fabriciolima.net\/blog\/wp-content\/uploads\/2013\/10\/Clientes-700x269.png 700w, https:\/\/fabriciolima.net\/blog\/wp-content\/uploads\/2013\/10\/Clientes-410x157.png 410w, https:\/\/fabriciolima.net\/blog\/wp-content\/uploads\/2013\/10\/Clientes-100x38.png 100w, https:\/\/fabriciolima.net\/blog\/wp-content\/uploads\/2013\/10\/Clientes-275x105.png 275w, https:\/\/fabriciolima.net\/blog\/wp-content\/uploads\/2013\/10\/Clientes-20x8.png 20w\" sizes=\"(max-width: 468px) 100vw, 468px\" \/><\/a><\/p>\n<p>Como presto consultoria remota, atendo a qualquer lugar do pa\u00eds. Segue a quantidade de clientes atendidos por localiza\u00e7\u00e3o:<\/p>\n<ul>\n<li>S\u00e3o Paulo &#8211; 76<\/li>\n<li>Esp\u00edrito Santo &#8211; 35<\/li>\n<li>Rio de Janeiro &#8211; 15<\/li>\n<li>Minas Gerais &#8211; 13<\/li>\n<li>Santa Catarina &#8211; 7<\/li>\n<li>Rio Grande do Sul &#8211; 5<\/li>\n<li>Paran\u00e1 &#8211; 5<\/li>\n<li>Goi\u00e1s &#8211; 4<\/li>\n<li>Mato Grosso &#8211; 4<\/li>\n<li>Pernambuco &#8211; 4<\/li>\n<li>Bahia\u00a0&#8211; 2<\/li>\n<li>Cear\u00e1 &#8211; 2<\/li>\n<li>Bras\u00edlia &#8211; 1<\/li>\n<li>Par\u00e1 &#8211; 1<\/li>\n<li>Para\u00edba &#8211; 1<\/li>\n<li>Rond\u00f4nia &#8211; 1<\/li>\n<li>Maranh\u00e3o &#8211; 1<\/li>\n<li>Tocantins &#8211; 1<\/li>\n<li><strong>Chile &#8211; 1<\/strong><\/li>\n<li><strong>EUA &#8211; 1<\/strong><\/li>\n<\/ul>\n<div>\n<h6><span style=\"color: #008000;\"><strong>TOTAL: 180 clientes<\/strong><\/span><\/h6>\n<\/div>\n<p>Desses clientes, atualmente temos um contrato de\u00a0<strong><span style=\"color: #008000;\">suporte e monitoramento mensal<\/span><\/strong>\u00a0com 44<strong>!<\/strong><\/p>\n<p>Administramos os Bancos de Dados de <strong>44\u00a0clientes<\/strong>. Eles podem dormir tranquilos, pois possuem profissionais especializados cuidando dos seus dados.<\/p>\n<p>Caso tenha interesse no nosso trabalho, entre em contato:<\/p>\n<p><strong>Maiores detalhes do trabalho de Consultoria:<\/strong>\u00a0<a href=\"https:\/\/www.fabriciolima.net\/blog\/consultoria-remota\/\" target=\"_blank\" rel=\"noopener noreferrer\">Maiores Informa\u00e7\u00f5es<\/a><\/p>\n<p><strong>E-Mail de Contato:<\/strong>\u00a0<a href=\"mailto:fabricioflima@gmail.com\">contato@fabriciolima.net<\/a><\/p>\n<p><strong>Nome Skype:<\/strong>\u00a0 fabriciolima.net<\/p>\n","protected":false},"excerpt":{"rendered":"<p>Como presto consultoria remota, atendo a qualquer lugar do pa\u00eds. Segue a quantidade de clientes atendidos por localiza\u00e7\u00e3o: S\u00e3o Paulo &#8211; 76 Esp\u00edrito Santo &#8211; 35 Rio de Janeiro &#8211; 15 Minas Gerais &#8211; 13 Santa Catarina &#8211; 7 Rio Grande do Sul &#8211; 5 Paran\u00e1 &#8211; 5 Goi\u00e1s &#8211; 4 Mato Grosso &#8211; 4 [&hellip;]<\/p>\n","protected":false},"author":1,"featured_media":0,"parent":0,"menu_order":0,"comment_status":"open","ping_status":"open","template":"","meta":{"_exactmetrics_skip_tracking":false,"_exactmetrics_sitenote_active":false,"_exactmetrics_sitenote_note":"","_exactmetrics_sitenote_category":0,"_uf_show_specific_survey":0,"_uf_disable_surveys":false,"jetpack_post_was_ever_published":false,"footnotes":""},"jetpack_sharing_enabled":true,"jetpack-related-posts":[],"jetpack_likes_enabled":true,"jetpack_shortlink":"https:\/\/wp.me\/P7v2hY-BX","_links":{"self":[{"href":"https:\/\/fabriciolima.net\/blog\/wp-json\/wp\/v2\/pages\/2353"}],"collection":[{"href":"https:\/\/fabriciolima.net\/blog\/wp-json\/wp\/v2\/pages"}],"about":[{"href":"https:\/\/fabriciolima.net\/blog\/wp-json\/wp\/v2\/types\/page"}],"author":[{"embeddable":true,"href":"https:\/\/fabriciolima.net\/blog\/wp-json\/wp\/v2\/users\/1"}],"replies":[{"embeddable":true,"href":"https:\/\/fabriciolima.net\/blog\/wp-json\/wp\/v2\/comments?post=2353"}],"version-history":[{"count":13,"href":"https:\/\/fabriciolima.net\/blog\/wp-json\/wp\/v2\/pages\/2353\/revisions"}],"predecessor-version":[{"id":10116,"href":"https:\/\/fabriciolima.net\/blog\/wp-json\/wp\/v2\/pages\/2353\/revisions\/10116"}],"wp:attachment":[{"href":"https:\/\/fabriciolima.net\/blog\/wp-json\/wp\/v2\/media?parent=2353"}],"curies":[{"name":"wp","href":"https:\/\/api.w.org\/{rel}","templated":true}]}}