{"id":1826,"date":"2012-10-18T21:22:26","date_gmt":"2012-10-19T00:22:26","guid":{"rendered":"http:\/\/fabriciolima.net\/blog\/"},"modified":"2019-05-15T09:20:12","modified_gmt":"2019-05-15T12:20:12","slug":"consultoria-remota","status":"publish","type":"page","link":"https:\/\/fabriciolima.net\/blog\/consultoria-remota\/","title":{"rendered":"Consultoria"},"content":{"rendered":"<p>Quem trabalha com Banco de Dados tem uma responsabilidade muito grande, pois ele \u00e9 o respons\u00e1vel pelo bem mais valioso de uma empresa, que \u00e9 a informa\u00e7\u00e3o. Contudo, no dia a dia a import\u00e2ncia desse papel passa despercebida e o DBA s\u00f3 \u00e9 lembrado quando o sistema est\u00e1 lento, quando acontece alguma indisponibilidade no ambiente ou quando existe uma perda de informa\u00e7\u00f5es.<\/p>\n<p>Com a dificuldade e o custo cada vez maior de se locomover pelas grandes cidades, \u00a0est\u00e1 crescendo a cada dia o n\u00famero de empresas que contratam profissionais que trabalham fora do escrit\u00f3rio. Nesse sentido, oferecemos nosso servi\u00e7o de Consultoria Remota\\DBA Remoto<strong>,<\/strong> para com nosso conhecimento e experi\u00eancia em Banco de Dados SQL Server, poder monitorar, gerenciar e garantir o ambiente SQL Server da sua empresa\u00a0<span style=\"color: #ff0000;\"><strong>em qualquer lugar do Brasil.<\/strong><\/span><\/p>\n<h5>Essa consultoria tem o seguinte escopo:<\/h5>\n<ul>\n<li>Planejamento e instala\u00e7\u00e3o de um ambiente SQL Server;<\/li>\n<li>An\u00e1lise e implementa\u00e7\u00e3o das melhores pr\u00e1ticas de administra\u00e7\u00e3o de Banco de Dados.<\/li>\n<li>Monitoramento Remoto do ambiente.<\/li>\n<li>Analise e reestrutura\u00e7\u00e3o da sua rotina de backup e solu\u00e7\u00f5es para Desastre e Recovery.<\/li>\n<li>Resolu\u00e7\u00e3o de problema de performance de ponta a ponta no Banco de Dados.<\/li>\n<li>An\u00e1lise e sugest\u00f5es de melhorias de seguran\u00e7a para seu ambiente.<\/li>\n<li>Cria\u00e7\u00e3o de alertas para que qualquer problema cr\u00edtico seja identificado o mais r\u00e1pido poss\u00edvel.<\/li>\n<li>Cria\u00e7\u00e3o de um CheckList do banco de dados para monitoramento di\u00e1rio do ambiente.<\/li>\n<\/ul>\n<p>&nbsp;<\/p>\n<h5><span style=\"color: #ff0000;\">Porque sua empresa precisa de uma consultoria?<\/span><\/h5>\n<p>&nbsp;<\/p>\n<p><a href=\"https:\/\/www.fabriciolima.net\/blog\/wp-content\/uploads\/2012\/10\/PorquePrecisaDeUmaConsultoria.jpg\"><img loading=\"lazy\" decoding=\"async\" class=\"size-thumbnail wp-image-2966 alignleft\" title=\"PorquePrecisaDeUmaConsultoria\" src=\"https:\/\/www.fabriciolima.net\/blog\/wp-content\/uploads\/2012\/10\/PorquePrecisaDeUmaConsultoria-150x150.jpg\" alt=\"\" width=\"150\" height=\"150\" srcset=\"https:\/\/fabriciolima.net\/blog\/wp-content\/uploads\/2012\/10\/PorquePrecisaDeUmaConsultoria-150x150.jpg 150w, https:\/\/fabriciolima.net\/blog\/wp-content\/uploads\/2012\/10\/PorquePrecisaDeUmaConsultoria-300x300.jpg 300w, https:\/\/fabriciolima.net\/blog\/wp-content\/uploads\/2012\/10\/PorquePrecisaDeUmaConsultoria-100x100.jpg 100w, https:\/\/fabriciolima.net\/blog\/wp-content\/uploads\/2012\/10\/PorquePrecisaDeUmaConsultoria-275x275.jpg 275w, https:\/\/fabriciolima.net\/blog\/wp-content\/uploads\/2012\/10\/PorquePrecisaDeUmaConsultoria-20x20.jpg 20w, https:\/\/fabriciolima.net\/blog\/wp-content\/uploads\/2012\/10\/PorquePrecisaDeUmaConsultoria.jpg 400w\" sizes=\"auto, (max-width: 150px) 100vw, 150px\" \/><\/a><\/p>\n<p><span style=\"font-size: large;\"><b>Administra\u00e7\u00e3o &#8211;<\/b><\/span>\u00a0Sua empresa precisa de uma consultoria para que seu Banco de Dados suporte o crescimento do volume de informa\u00e7\u00f5es que ter\u00e1 nos pr\u00f3ximos anos sem impactar no andamento do seu neg\u00f3cio.<\/p>\n<p>Sua empresa precisa de uma consultoria para proteger o bem mais valioso que ela tem, que s\u00e3o os dados dos clientes, das vendas, dos produtos, das contas a receber e etc.<\/p>\n<p>Voc\u00ea sabia que seu banco de dados pode corromper e mesmo com Backup voc\u00ea pode perder informa\u00e7\u00f5es se n\u00e3o descobrir a tempo?<\/p>\n<p>Segundo o Gartner, somente 6% das empresas sobrevivem mais de 2 anos ap\u00f3s uma perda de dados.<\/p>\n<p>Segue o detalhamento das melhores pr\u00e1ticas de Administra\u00e7\u00e3o:\u00a0<a href=\"https:\/\/www.fabriciolima.net\/blog\/consultoria-remota\/melhores-praticas-administracao\/\" target=\"_blank\" rel=\"noopener\">Detalhes Melhores Pr\u00e1ticas Administra\u00e7\u00e3o<\/a><\/p>\n<p>&nbsp;<\/p>\n<p><a href=\"https:\/\/www.fabriciolima.net\/blog\/wp-content\/uploads\/2012\/10\/Performance.jpg\"><img loading=\"lazy\" decoding=\"async\" class=\"size-thumbnail wp-image-2967 alignleft\" title=\"Performance\" src=\"https:\/\/www.fabriciolima.net\/blog\/wp-content\/uploads\/2012\/10\/Performance-150x150.jpg\" alt=\"\" width=\"150\" height=\"150\" \/><\/a><\/p>\n<p><span style=\"font-size: large;\"><b>Performance &#8211;<\/b><\/span> Sua empresa precisa de uma consultoria para melhorar o desempenho do seu banco de dados evitando a perda de clientes e de produtividade de seus colaboradores($$).<\/p>\n<p>Segue o detalhamento dos benef\u00edcios da Consultoria de Tuning: <a href=\"https:\/\/www.fabriciolima.net\/blog\/consultoria-remota\/melhorias-de-performance\/\" target=\"_blank\" rel=\"noopener\"><span style=\"text-decoration: underline;\">Melhorias de Performance<\/span><\/a><\/p>\n<p>&nbsp;<\/p>\n<p>&nbsp;<\/p>\n<p>&nbsp;<\/p>\n<p><a href=\"https:\/\/www.fabriciolima.net\/blog\/wp-content\/uploads\/2012\/10\/Alertas.png\"><img loading=\"lazy\" decoding=\"async\" class=\"size-thumbnail wp-image-2968 alignleft\" title=\"Alertas\" src=\"https:\/\/www.fabriciolima.net\/blog\/wp-content\/uploads\/2012\/10\/Alertas-150x150.png\" alt=\"\" width=\"150\" height=\"150\" srcset=\"https:\/\/fabriciolima.net\/blog\/wp-content\/uploads\/2012\/10\/Alertas-150x150.png 150w, https:\/\/fabriciolima.net\/blog\/wp-content\/uploads\/2012\/10\/Alertas-100x100.png 100w, https:\/\/fabriciolima.net\/blog\/wp-content\/uploads\/2012\/10\/Alertas-20x20.png 20w, https:\/\/fabriciolima.net\/blog\/wp-content\/uploads\/2012\/10\/Alertas.png 256w\" sizes=\"auto, (max-width: 150px) 100vw, 150px\" \/><\/a><span style=\"font-size: large;\"><b>Alertas &#8211;<\/b><\/span> Sua empresa precisa de uma consultoria para que possam ser criados alertas que identifiquem problemas antes que eles aconte\u00e7am evitando preju\u00edzos ($$).<\/p>\n<p>Segue o detalhamento dos Alertas (n\u00e3o deixe de conferir):\u00a0<a href=\"https:\/\/www.fabriciolima.net\/blog\/consultoria-remota\/criacao-de-alertas\/\" target=\"_blank\" rel=\"noopener\">Detalhes da cria\u00e7\u00e3o de Alertas<\/a><\/p>\n<p>&nbsp;<\/p>\n<p>&nbsp;<\/p>\n<p>&nbsp;<\/p>\n<p><a href=\"https:\/\/www.fabriciolima.net\/blog\/wp-content\/uploads\/2012\/10\/checklist.jpg\"><img loading=\"lazy\" decoding=\"async\" class=\"size-thumbnail wp-image-2969 alignleft\" title=\"checklist\" src=\"https:\/\/www.fabriciolima.net\/blog\/wp-content\/uploads\/2012\/10\/checklist-150x150.jpg\" alt=\"\" width=\"150\" height=\"150\" \/><\/a><\/p>\n<p><span style=\"font-size: large;\"><b>Acompanhamento Di\u00e1rio &#8211;<\/b><\/span>\u00a0Sua empresa precisa de uma consultoria para que possa ser criado um <strong>CheckList do Banco de Dados<\/strong> com informa\u00e7\u00f5es di\u00e1rias sobre a sa\u00fade do seu ambiente ajudando muito a pessoa respons\u00e1vel pela administra\u00e7\u00e3o do seu banco de dados. Dessa forma, voc\u00ea pode ser pr\u00f3-ativo e identificar problemas antes que eles aconte\u00e7am evitando preju\u00edzos ($$) para o seu ambiente.<\/p>\n<p>Segue o detalhamento desse CheckList junto com um exemplo das informa\u00e7\u00f5es que s\u00e3o enviadas por e-mail (n\u00e3o deixe de conferir):\u00a0<a href=\"https:\/\/www.fabriciolima.net\/blog\/consultoria-remota\/checklist-do-banco-de-dados\/\" target=\"_blank\" rel=\"noopener\">Detalhes do CheckList do Banco de Dados<\/a><\/p>\n<p>&nbsp;<\/p>\n<p>&nbsp;<\/p>\n<p><a href=\"https:\/\/www.fabriciolima.net\/blog\/wp-content\/uploads\/2012\/10\/monitoramento.jpg\"><img loading=\"lazy\" decoding=\"async\" class=\"size-thumbnail wp-image-2987 alignleft\" title=\"monitoramento\" src=\"https:\/\/www.fabriciolima.net\/blog\/wp-content\/uploads\/2012\/10\/monitoramento-150x150.jpg\" alt=\"\" width=\"150\" height=\"150\" srcset=\"https:\/\/fabriciolima.net\/blog\/wp-content\/uploads\/2012\/10\/monitoramento-150x150.jpg 150w, https:\/\/fabriciolima.net\/blog\/wp-content\/uploads\/2012\/10\/monitoramento-300x300.jpg 300w, https:\/\/fabriciolima.net\/blog\/wp-content\/uploads\/2012\/10\/monitoramento-100x100.jpg 100w, https:\/\/fabriciolima.net\/blog\/wp-content\/uploads\/2012\/10\/monitoramento-275x275.jpg 275w, https:\/\/fabriciolima.net\/blog\/wp-content\/uploads\/2012\/10\/monitoramento-20x20.jpg 20w, https:\/\/fabriciolima.net\/blog\/wp-content\/uploads\/2012\/10\/monitoramento.jpg 400w\" sizes=\"auto, (max-width: 150px) 100vw, 150px\" \/><\/a><\/p>\n<p><span style=\"font-size: large;\"><b>Monitoramento Remoto do Ambiente &#8211;<\/b><\/span> onde a sa\u00fade do seu ambiente de banco de dados monitorado por um <strong>DBA Senior<\/strong> com o custo de algumas horas por m\u00eas<strong>.<\/strong><\/p>\n<p>Para maiores detalhes: <a href=\"https:\/\/www.fabriciolima.net\/consultoria-remota\/dba-remoto\/\" target=\"_blank\" rel=\"noopener\">https:\/\/www.fabriciolima.net\/consultoria-remota\/dba-remoto\/<\/a><\/p>\n<p>&nbsp;<\/p>\n<p>&nbsp;<\/p>\n<p>&nbsp;<\/p>\n<p><img loading=\"lazy\" decoding=\"async\" class=\"wp-image-9474 alignleft\" src=\"https:\/\/fabriciolima.net\/blog\/wp-content\/uploads\/2018\/10\/Checklistpequeno.png\" alt=\"\" width=\"191\" height=\"121\" srcset=\"https:\/\/fabriciolima.net\/blog\/wp-content\/uploads\/2018\/10\/Checklistpequeno.png 378w, https:\/\/fabriciolima.net\/blog\/wp-content\/uploads\/2018\/10\/Checklistpequeno-300x190.png 300w, https:\/\/fabriciolima.net\/blog\/wp-content\/uploads\/2018\/10\/Checklistpequeno-100x63.png 100w, https:\/\/fabriciolima.net\/blog\/wp-content\/uploads\/2018\/10\/Checklistpequeno-275x174.png 275w, https:\/\/fabriciolima.net\/blog\/wp-content\/uploads\/2018\/10\/Checklistpequeno-20x13.png 20w\" sizes=\"auto, (max-width: 191px) 100vw, 191px\" \/>\u00a0\u00a0Eu,\u00a0<strong>Fabricio Lima<\/strong>, MVP em Data Platform,\u00a0 vou fazer um check-up gratuito do seu banco de dados.<\/p>\n<p>Vou te explicar os problemas que voc\u00ea tem hoje, assim como as oportunidades de melhorias que podem ser realizadas com rela\u00e7\u00e3o a Backup, Monitoramento, Solu\u00e7\u00f5es de Alta Disponibilidade e Performance.<\/p>\n<p>Maiores informa\u00e7\u00f5es:\u00a0<a href=\"https:\/\/www.fabriciolima.net\/consultoria-remota\/check-up-gratuito-do-seu-sql-server\/\" target=\"_blank\" rel=\"noopener\">https:\/\/www.fabriciolima.net\/consultoria-remota\/check-up-gratuito-do-seu-sql-server\/<\/a><\/p>\n<p>&nbsp;<\/p>\n<p><img loading=\"lazy\" decoding=\"async\" class=\" wp-image-10513 alignleft\" src=\"https:\/\/fabriciolima.net\/blog\/wp-content\/uploads\/2019\/05\/Soupowertuning2-271x300.jpeg\" alt=\"\" width=\"187\" height=\"207\" srcset=\"https:\/\/fabriciolima.net\/blog\/wp-content\/uploads\/2019\/05\/Soupowertuning2-271x300.jpeg 271w, https:\/\/fabriciolima.net\/blog\/wp-content\/uploads\/2019\/05\/Soupowertuning2-410x454.jpeg 410w, https:\/\/fabriciolima.net\/blog\/wp-content\/uploads\/2019\/05\/Soupowertuning2-100x111.jpeg 100w, https:\/\/fabriciolima.net\/blog\/wp-content\/uploads\/2019\/05\/Soupowertuning2-275x304.jpeg 275w, https:\/\/fabriciolima.net\/blog\/wp-content\/uploads\/2019\/05\/Soupowertuning2-18x20.jpeg 18w, https:\/\/fabriciolima.net\/blog\/wp-content\/uploads\/2019\/05\/Soupowertuning2.jpeg 570w\" sizes=\"auto, (max-width: 187px) 100vw, 187px\" \/><\/p>\n<p>Nosso time se uniu aos Planilheiros para entregar Consultorias e Treinamentos de BI de ponta a ponta e com a excel\u00eancia que a sua empresa merece.<\/p>\n<p>Criamos um projeto completo de BI junto com voc\u00eas, desde o levantamento de requisitos, constru\u00e7\u00e3o do ETL, Dw, Cubos e fechando com as visualiza\u00e7\u00f5es no Power BI.<\/p>\n<p>N\u00e3o deixe de conferir mais detalhes nessa p\u00e1gina:\u00a0<a href=\"http:\/\/www.fabriciolima.net\/consultoria-remota\/servicos-de-bi\/\" target=\"_blank\" rel=\"noopener\">http:\/\/www.fabriciolima.net\/consultoria-remota\/servicos-de-bi\/<\/a><\/p>\n<p>&nbsp;<\/p>\n<h5><\/h5>\n<h5><\/h5>\n<h5>Contato:<\/h5>\n<p>Para maiores detalhes, pode entrar em contato comigo pelos meios abaixo:<\/p>\n<p><strong>E-mail<\/strong> &#8211;\u00a0<strong>contato@fabriciolima.net<\/strong><\/p>\n<p><strong>Skype<\/strong> &#8211; fabriciolima.net<\/p>\n<p><strong>Telefone &#8211;\u00a0<\/strong><strong>\u00a0(027) 99969-4854<\/strong><\/p>\n<p><strong>Facebook<\/strong> &#8211;\u00a0<a href=\"https:\/\/www.facebook.com\/pages\/Fabricio-Lima-Consultoria-SQL-Server\/239658476126229\" target=\"_blank\" rel=\"noopener\">https:\/\/www.facebook.com\/pages\/Fabricio-Lima-Consultoria-SQL-Server\/239658476126229<\/a><\/p>\n<p><strong>Twitter<\/strong> &#8211;\u00a0<a href=\"https:\/\/twitter.com\/Fabriciodba\" target=\"_blank\" rel=\"noopener\">https:\/\/twitter.com\/Fabriciodba<\/a><\/p>\n<p><strong>Linkedin<\/strong> &#8211;\u00a0<a href=\"http:\/\/www.linkedin.com\/pub\/fabricio-fran%C3%A7a-lima\/24\/887\/499\" target=\"_blank\" rel=\"noopener\">http:\/\/www.linkedin.com\/pub\/fabricio-fran%C3%A7a-lima\/24\/887\/499<\/a><\/p>\n<p><strong>Instagram<\/strong> &#8211;\u00a0<a href=\"https:\/\/www.instagram.com\/fabriciolimasolucoesembd\/\" target=\"_blank\" rel=\"noopener\">https:\/\/www.instagram.com\/fabriciolimasolucoesembd\/<\/a><\/p>\n<p>D\u00favida Frequente: <span style=\"color: #ff0000;\"><strong>Emitimos Nota Fiscal de pagamento e toda a consultoria \u00e9 realizada sem parada do ambiente de produ\u00e7\u00e3o.<\/strong><\/span><\/p>\n<h2>Entre em Contato<\/h2>\n[contact-form][contact-field label=&#8217;Nome&#8217; type=&#8217;name&#8217; required=&#8217;1&#8217;\/][contact-field label=&#8217;Email&#8217; type=&#8217;email&#8217; required=&#8217;1&#8217;\/][contact-field label=&#8217;Coment\u00e1rio&#8217; type=&#8217;textarea&#8217; required=&#8217;1&#8217;\/][\/contact-form]\n","protected":false},"excerpt":{"rendered":"<p>Quem trabalha com Banco de Dados tem uma responsabilidade muito grande, pois ele \u00e9 o respons\u00e1vel pelo bem mais valioso de uma empresa, que \u00e9 a informa\u00e7\u00e3o. Contudo, no dia a dia a import\u00e2ncia desse papel passa despercebida e o DBA s\u00f3 \u00e9 lembrado quando o sistema est\u00e1 lento, quando acontece alguma indisponibilidade no ambiente [&hellip;]<\/p>\n","protected":false},"author":1,"featured_media":0,"parent":0,"menu_order":0,"comment_status":"open","ping_status":"closed","template":"","meta":{"_exactmetrics_skip_tracking":false,"_exactmetrics_sitenote_active":false,"_exactmetrics_sitenote_note":"","_exactmetrics_sitenote_category":0,"footnotes":""},"class_list":["post-1826","page","type-page","status-publish","hentry"],"post_mailing_queue_ids":[],"_links":{"self":[{"href":"https:\/\/fabriciolima.net\/blog\/wp-json\/wp\/v2\/pages\/1826","targetHints":{"allow":["GET"]}}],"collection":[{"href":"https:\/\/fabriciolima.net\/blog\/wp-json\/wp\/v2\/pages"}],"about":[{"href":"https:\/\/fabriciolima.net\/blog\/wp-json\/wp\/v2\/types\/page"}],"author":[{"embeddable":true,"href":"https:\/\/fabriciolima.net\/blog\/wp-json\/wp\/v2\/users\/1"}],"replies":[{"embeddable":true,"href":"https:\/\/fabriciolima.net\/blog\/wp-json\/wp\/v2\/comments?post=1826"}],"version-history":[{"count":9,"href":"https:\/\/fabriciolima.net\/blog\/wp-json\/wp\/v2\/pages\/1826\/revisions"}],"predecessor-version":[{"id":10517,"href":"https:\/\/fabriciolima.net\/blog\/wp-json\/wp\/v2\/pages\/1826\/revisions\/10517"}],"wp:attachment":[{"href":"https:\/\/fabriciolima.net\/blog\/wp-json\/wp\/v2\/media?parent=1826"}],"curies":[{"name":"wp","href":"https:\/\/api.w.org\/{rel}","templated":true}]}}