{"id":1723,"date":"2012-08-26T17:06:24","date_gmt":"2012-08-26T19:06:24","guid":{"rendered":"http:\/\/fabriciolima.net\/blog\/"},"modified":"2012-08-26T18:59:03","modified_gmt":"2012-08-26T20:59:03","slug":"blog","status":"publish","type":"page","link":"https:\/\/fabriciolima.net\/blog\/blog\/","title":{"rendered":"Blog"},"content":{"rendered":"<p>Menu principal das p\u00e1ginas referentes a informa\u00e7\u00f5es sobre esse Blog:<\/p>\n<ul>\n<li>Blog Stats<\/li>\n<li>Arquivo<\/li>\n<li>Sobre o Autor<\/li>\n<\/ul>\n","protected":false},"excerpt":{"rendered":"<p>Menu principal das p\u00e1ginas referentes a informa\u00e7\u00f5es sobre esse Blog: Blog Stats Arquivo Sobre o Autor<\/p>\n","protected":false},"author":1,"featured_media":0,"parent":0,"menu_order":1,"comment_status":"open","ping_status":"open","template":"","meta":{"_exactmetrics_skip_tracking":false,"_exactmetrics_sitenote_active":false,"_exactmetrics_sitenote_note":"","_exactmetrics_sitenote_category":0,"_uf_show_specific_survey":0,"_uf_disable_surveys":false,"jetpack_post_was_ever_published":false,"footnotes":""},"jetpack_sharing_enabled":true,"jetpack-related-posts":[],"jetpack_likes_enabled":true,"jetpack_shortlink":"https:\/\/wp.me\/P7v2hY-rN","_links":{"self":[{"href":"https:\/\/fabriciolima.net\/blog\/wp-json\/wp\/v2\/pages\/1723"}],"collection":[{"href":"https:\/\/fabriciolima.net\/blog\/wp-json\/wp\/v2\/pages"}],"about":[{"href":"https:\/\/fabriciolima.net\/blog\/wp-json\/wp\/v2\/types\/page"}],"author":[{"embeddable":true,"href":"https:\/\/fabriciolima.net\/blog\/wp-json\/wp\/v2\/users\/1"}],"replies":[{"embeddable":true,"href":"https:\/\/fabriciolima.net\/blog\/wp-json\/wp\/v2\/comments?post=1723"}],"version-history":[{"count":0,"href":"https:\/\/fabriciolima.net\/blog\/wp-json\/wp\/v2\/pages\/1723\/revisions"}],"wp:attachment":[{"href":"https:\/\/fabriciolima.net\/blog\/wp-json\/wp\/v2\/media?parent=1723"}],"curies":[{"name":"wp","href":"https:\/\/api.w.org\/{rel}","templated":true}]}}